{"id":4634,"date":"2025-10-30T13:26:03","date_gmt":"2025-10-30T13:26:03","guid":{"rendered":"https:\/\/pruebas.munielmonte.cl\/?page_id=4634"},"modified":"2025-11-21T17:48:34","modified_gmt":"2025-11-21T17:48:34","slug":"el-paico","status":"publish","type":"page","link":"https:\/\/pruebas.munielmonte.cl\/?page_id=4634","title":{"rendered":"El Paico"},"content":{"rendered":"\t\t<div data-elementor-type=\"wp-page\" data-elementor-id=\"4634\" class=\"elementor elementor-4634\" data-elementor-post-type=\"page\">\n\t\t\t\t<div class=\"elementor-element elementor-element-75ed81fd e-flex e-con-boxed wpr-particle-no wpr-jarallax-no wpr-parallax-no wpr-sticky-section-no wpr-column-slider-no wpr-equal-height-no e-con e-parent\" data-id=\"75ed81fd\" data-element_type=\"container\" data-e-type=\"container\">\n\t\t\t\t\t<div class=\"e-con-inner\">\n\t\t\t\t<div class=\"elementor-element elementor-element-dfa2ff4 elementor-widget elementor-widget-heading\" data-id=\"dfa2ff4\" data-element_type=\"widget\" data-e-type=\"widget\" data-widget_type=\"heading.default\">\n\t\t\t\t<div class=\"elementor-widget-container\">\n\t\t\t\t\t<h2 class=\"elementor-heading-title elementor-size-default\">CENTRO DE SALUD EL PAICO<\/h2>\t\t\t\t<\/div>\n\t\t\t\t<\/div>\n\t\t\t\t<div class=\"elementor-element elementor-element-2e425f91 elementor-widget elementor-widget-text-editor\" data-id=\"2e425f91\" data-element_type=\"widget\" data-e-type=\"widget\" data-widget_type=\"text-editor.default\">\n\t\t\t\t<div class=\"elementor-widget-container\">\n\t\t\t\t\t\t\t\t\t\n<p><span style=\"color: #000000; font-family: gothambook;\">El Centro Comunitario de Salud Familiar de El Paico es un espacio que acerca la atenci\u00f3n primaria a las vecinas y vecinos del sector rural, brindando un servicio de salud m\u00e1s humano, oportuno y cercano.<\/span><\/p>\n<p><span style=\"color: #000000; font-family: gothambook;\">El CECOSF de El Paico representa un pilar fundamental para la comunidad, entregando acompa\u00f1amiento, promoci\u00f3n de la salud y atenci\u00f3n preventiva con un fuerte sentido de pertenencia y compromiso territorial. Gracias a su equipo de profesionales y t\u00e9cnicos, cientos de familias reciben cada d\u00eda una atenci\u00f3n c\u00e1lida y personalizada, fortaleciendo el bienestar y la calidad de vida en el sector.<\/span><\/p>\n<p><span style=\"color: #000000; font-family: gothambook;\">Este centro es reflejo del esfuerzo conjunto entre la Municipalidad de El Monte y la comunidad de El Paico por avanzar hacia una salud m\u00e1s equitativa, inclusiva y centrada en\u00a0las\u00a0personas.<\/span><\/p>\n\t\t\t\t\t\t\t\t<\/div>\n\t\t\t\t<\/div>\n\t\t\t\t<div class=\"elementor-element elementor-element-b037c20 elementor-widget elementor-widget-image\" data-id=\"b037c20\" data-element_type=\"widget\" data-e-type=\"widget\" data-widget_type=\"image.default\">\n\t\t\t\t<div class=\"elementor-widget-container\">\n\t\t\t\t\t\t\t\t\t\t\t\t\t\t\t<img fetchpriority=\"high\" decoding=\"async\" width=\"768\" height=\"432\" src=\"https:\/\/pruebas.munielmonte.cl\/wp-content\/uploads\/2025\/11\/Imagen-de-WhatsApp-2025-11-19-a-las-17.31.40_8ab6f3ec-768x432.jpg\" class=\"attachment-medium_large size-medium_large wp-image-5302\" alt=\"\" srcset=\"https:\/\/pruebas.munielmonte.cl\/wp-content\/uploads\/2025\/11\/Imagen-de-WhatsApp-2025-11-19-a-las-17.31.40_8ab6f3ec-768x432.jpg 768w, https:\/\/pruebas.munielmonte.cl\/wp-content\/uploads\/2025\/11\/Imagen-de-WhatsApp-2025-11-19-a-las-17.31.40_8ab6f3ec-300x169.jpg 300w, https:\/\/pruebas.munielmonte.cl\/wp-content\/uploads\/2025\/11\/Imagen-de-WhatsApp-2025-11-19-a-las-17.31.40_8ab6f3ec-1024x576.jpg 1024w, https:\/\/pruebas.munielmonte.cl\/wp-content\/uploads\/2025\/11\/Imagen-de-WhatsApp-2025-11-19-a-las-17.31.40_8ab6f3ec-1536x864.jpg 1536w, https:\/\/pruebas.munielmonte.cl\/wp-content\/uploads\/2025\/11\/Imagen-de-WhatsApp-2025-11-19-a-las-17.31.40_8ab6f3ec-2048x1152.jpg 2048w\" sizes=\"(max-width: 768px) 100vw, 768px\" \/>\t\t\t\t\t\t\t\t\t\t\t\t\t\t\t<\/div>\n\t\t\t\t<\/div>\n\t\t\t\t\t<\/div>\n\t\t\t\t<\/div>\n\t\t<div class=\"elementor-element elementor-element-3350b22 e-flex e-con-boxed wpr-particle-no wpr-jarallax-no wpr-parallax-no wpr-sticky-section-no wpr-column-slider-no wpr-equal-height-no e-con e-parent\" data-id=\"3350b22\" data-element_type=\"container\" data-e-type=\"container\">\n\t\t\t\t\t<div class=\"e-con-inner\">\n\t\t\t\t<div class=\"elementor-element elementor-element-b7a31c8 elementor-widget elementor-widget-image\" data-id=\"b7a31c8\" data-element_type=\"widget\" data-e-type=\"widget\" data-widget_type=\"image.default\">\n\t\t\t\t<div class=\"elementor-widget-container\">\n\t\t\t\t\t\t\t\t\t\t\t\t\t\t\t<img decoding=\"async\" width=\"800\" height=\"534\" src=\"https:\/\/pruebas.munielmonte.cl\/wp-content\/uploads\/2025\/07\/Logo-Municipal-1024x683.png\" class=\"attachment-large size-large wp-image-2215\" alt=\"\" srcset=\"https:\/\/pruebas.munielmonte.cl\/wp-content\/uploads\/2025\/07\/Logo-Municipal-1024x683.png 1024w, https:\/\/pruebas.munielmonte.cl\/wp-content\/uploads\/2025\/07\/Logo-Municipal-300x200.png 300w, https:\/\/pruebas.munielmonte.cl\/wp-content\/uploads\/2025\/07\/Logo-Municipal-768x512.png 768w, https:\/\/pruebas.munielmonte.cl\/wp-content\/uploads\/2025\/07\/Logo-Municipal-1536x1024.png 1536w, https:\/\/pruebas.munielmonte.cl\/wp-content\/uploads\/2025\/07\/Logo-Municipal.png 1701w\" sizes=\"(max-width: 800px) 100vw, 800px\" \/>\t\t\t\t\t\t\t\t\t\t\t\t\t\t\t<\/div>\n\t\t\t\t<\/div>\n\t\t\t\t\t<\/div>\n\t\t\t\t<\/div>\n\t\t\t\t<\/div>\n\t\t","protected":false},"excerpt":{"rendered":"<p>CENTRO DE SALUD EL PAICO El Centro Comunitario de Salud Familiar de El Paico es un espacio que acerca la atenci\u00f3n primaria a las vecinas y vecinos del sector rural, brindando un servicio de salud m\u00e1s humano, oportuno y cercano. El CECOSF de El Paico representa un pilar fundamental para la comunidad, entregando acompa\u00f1amiento, promoci\u00f3n de la salud y atenci\u00f3n preventiva con un fuerte sentido de pertenencia y compromiso territorial. Gracias a su equipo de profesionales y t\u00e9cnicos, cientos de familias reciben cada d\u00eda una atenci\u00f3n c\u00e1lida y personalizada, fortaleciendo el bienestar y la calidad de vida en el sector. Este centro es reflejo del esfuerzo conjunto entre la Municipalidad de El Monte y la comunidad de El Paico por avanzar hacia una salud m\u00e1s equitativa, inclusiva y centrada en\u00a0las\u00a0personas.<\/p>\n","protected":false},"author":5,"featured_media":0,"parent":0,"menu_order":0,"comment_status":"closed","ping_status":"closed","template":"elementor_canvas","meta":{"footnotes":""},"class_list":["post-4634","page","type-page","status-publish","hentry"],"_links":{"self":[{"href":"https:\/\/pruebas.munielmonte.cl\/index.php?rest_route=\/wp\/v2\/pages\/4634","targetHints":{"allow":["GET"]}}],"collection":[{"href":"https:\/\/pruebas.munielmonte.cl\/index.php?rest_route=\/wp\/v2\/pages"}],"about":[{"href":"https:\/\/pruebas.munielmonte.cl\/index.php?rest_route=\/wp\/v2\/types\/page"}],"author":[{"embeddable":true,"href":"https:\/\/pruebas.munielmonte.cl\/index.php?rest_route=\/wp\/v2\/users\/5"}],"replies":[{"embeddable":true,"href":"https:\/\/pruebas.munielmonte.cl\/index.php?rest_route=%2Fwp%2Fv2%2Fcomments&post=4634"}],"version-history":[{"count":13,"href":"https:\/\/pruebas.munielmonte.cl\/index.php?rest_route=\/wp\/v2\/pages\/4634\/revisions"}],"predecessor-version":[{"id":5309,"href":"https:\/\/pruebas.munielmonte.cl\/index.php?rest_route=\/wp\/v2\/pages\/4634\/revisions\/5309"}],"wp:attachment":[{"href":"https:\/\/pruebas.munielmonte.cl\/index.php?rest_route=%2Fwp%2Fv2%2Fmedia&parent=4634"}],"curies":[{"name":"wp","href":"https:\/\/api.w.org\/{rel}","templated":true}]}}