{"id":4271,"date":"2025-10-28T14:39:17","date_gmt":"2025-10-28T14:39:17","guid":{"rendered":"https:\/\/pruebas.munielmonte.cl\/?page_id=4271"},"modified":"2025-11-21T17:49:44","modified_gmt":"2025-11-21T17:49:44","slug":"biblioteca","status":"publish","type":"page","link":"https:\/\/pruebas.munielmonte.cl\/?page_id=4271","title":{"rendered":"Biblioteca"},"content":{"rendered":"\t\t<div data-elementor-type=\"wp-page\" data-elementor-id=\"4271\" class=\"elementor elementor-4271\" data-elementor-post-type=\"page\">\n\t\t\t\t<div class=\"elementor-element elementor-element-59e11be e-flex e-con-boxed wpr-particle-no wpr-jarallax-no wpr-parallax-no wpr-sticky-section-no wpr-column-slider-no wpr-equal-height-no e-con e-parent\" data-id=\"59e11be\" data-element_type=\"container\" data-e-type=\"container\">\n\t\t\t\t\t<div class=\"e-con-inner\">\n\t\t\t\t<div class=\"elementor-element elementor-element-af32b9f elementor-widget elementor-widget-heading\" data-id=\"af32b9f\" data-element_type=\"widget\" data-e-type=\"widget\" data-widget_type=\"heading.default\">\n\t\t\t\t<div class=\"elementor-widget-container\">\n\t\t\t\t\t<h2 class=\"elementor-heading-title elementor-size-default\">BIBLIOTECA MUNICIPAL\n<\/h2>\t\t\t\t<\/div>\n\t\t\t\t<\/div>\n\t\t\t\t\t<\/div>\n\t\t\t\t<\/div>\n\t\t<div class=\"elementor-element elementor-element-5334e00 e-flex e-con-boxed wpr-particle-no wpr-jarallax-no wpr-parallax-no wpr-sticky-section-no wpr-column-slider-no wpr-equal-height-no e-con e-parent\" data-id=\"5334e00\" data-element_type=\"container\" data-e-type=\"container\">\n\t\t\t\t\t<div class=\"e-con-inner\">\n\t\t\t\t<div class=\"elementor-element elementor-element-6783246 elementor-widget elementor-widget-text-editor\" data-id=\"6783246\" data-element_type=\"widget\" data-e-type=\"widget\" data-widget_type=\"text-editor.default\">\n\t\t\t\t<div class=\"elementor-widget-container\">\n\t\t\t\t\t\t\t\t\t<p style=\"text-align: left;\"><span style=\"font-family: gothambook; color: #000000;\">Invitamos a la comunidad a acercarse a nuestra Biblioteca Municipal, que pone a disposici\u00f3n de los usuarios cerca de cinco mil libros de distintas categor\u00edas, destacando los actuales \u00e9xitos literarios.<\/span><\/p>\n<p style=\"text-align: left;\"><span style=\"font-family: gothambook; color: #000000;\">Los pr\u00e9stamos de libros son gratuitos y por 10 d\u00edas h\u00e1biles. Adem\u00e1s, la biblioteca ofrece otros servicios, como capacitaci\u00f3n digital gratuita, pr\u00e9stamo de computadores e internet.<\/span><\/p>\n<p style=\"text-align: left;\"><span style=\"font-family: gothambook; color: #000000;\">Para acceder a los diversos servicios, debes presentar tu c\u00e9dula de identidad y comprobante de domicilio.<\/span><\/p>\n<p style=\"text-align: left;\"><span style=\"font-family: gothambook; color: #000000;\">Horario de atenci\u00f3n: lunes a jueves, de 8:30 a 17:30 horas, y viernes de 8:30 a 16:30 horas.<\/span><br \/><span style=\"font-family: gothambook; color: #000000;\">Direcci\u00f3n: Calle Independencia, Galer\u00eda El \u00c1ngel, Local F 80, Frente a Plaza Independencia\u00a0de\u00a0El\u00a0Monte.<\/span><\/p>\t\t\t\t\t\t\t\t<\/div>\n\t\t\t\t<\/div>\n\t\t\t\t\t<\/div>\n\t\t\t\t<\/div>\n\t\t<div class=\"elementor-element elementor-element-3a3c094 e-flex e-con-boxed wpr-particle-no wpr-jarallax-no wpr-parallax-no wpr-sticky-section-no wpr-column-slider-no wpr-equal-height-no e-con e-parent\" data-id=\"3a3c094\" data-element_type=\"container\" data-e-type=\"container\">\n\t\t\t\t\t<div class=\"e-con-inner\">\n\t\t\t\t<div class=\"elementor-element elementor-element-6eebf17 elementor-widget elementor-widget-image\" data-id=\"6eebf17\" data-element_type=\"widget\" data-e-type=\"widget\" data-widget_type=\"image.default\">\n\t\t\t\t<div class=\"elementor-widget-container\">\n\t\t\t\t\t\t\t\t\t\t\t\t\t\t\t<img fetchpriority=\"high\" decoding=\"async\" width=\"768\" height=\"576\" src=\"https:\/\/pruebas.munielmonte.cl\/wp-content\/uploads\/2025\/11\/Imagen-de-WhatsApp-2025-11-19-a-las-17.31.16_172d8a3f-768x576.jpg\" class=\"attachment-medium_large size-medium_large wp-image-5310\" alt=\"\" srcset=\"https:\/\/pruebas.munielmonte.cl\/wp-content\/uploads\/2025\/11\/Imagen-de-WhatsApp-2025-11-19-a-las-17.31.16_172d8a3f-768x576.jpg 768w, https:\/\/pruebas.munielmonte.cl\/wp-content\/uploads\/2025\/11\/Imagen-de-WhatsApp-2025-11-19-a-las-17.31.16_172d8a3f-300x225.jpg 300w, https:\/\/pruebas.munielmonte.cl\/wp-content\/uploads\/2025\/11\/Imagen-de-WhatsApp-2025-11-19-a-las-17.31.16_172d8a3f-1024x768.jpg 1024w, https:\/\/pruebas.munielmonte.cl\/wp-content\/uploads\/2025\/11\/Imagen-de-WhatsApp-2025-11-19-a-las-17.31.16_172d8a3f-1536x1152.jpg 1536w, https:\/\/pruebas.munielmonte.cl\/wp-content\/uploads\/2025\/11\/Imagen-de-WhatsApp-2025-11-19-a-las-17.31.16_172d8a3f-2048x1536.jpg 2048w\" sizes=\"(max-width: 768px) 100vw, 768px\" \/>\t\t\t\t\t\t\t\t\t\t\t\t\t\t\t<\/div>\n\t\t\t\t<\/div>\n\t\t\t\t\t<\/div>\n\t\t\t\t<\/div>\n\t\t\t\t<\/div>\n\t\t","protected":false},"excerpt":{"rendered":"<p>BIBLIOTECA MUNICIPAL Invitamos a la comunidad a acercarse a nuestra Biblioteca Municipal, que pone a disposici\u00f3n de los usuarios cerca de cinco mil libros de distintas categor\u00edas, destacando los actuales \u00e9xitos literarios. Los pr\u00e9stamos de libros son gratuitos y por 10 d\u00edas h\u00e1biles. Adem\u00e1s, la biblioteca ofrece otros servicios, como capacitaci\u00f3n digital gratuita, pr\u00e9stamo de computadores e internet. Para acceder a los diversos servicios, debes presentar tu c\u00e9dula de identidad y comprobante de domicilio. Horario de atenci\u00f3n: lunes a jueves, de 8:30 a 17:30 horas, y viernes de 8:30 a 16:30 horas.Direcci\u00f3n: Calle Independencia, Galer\u00eda El \u00c1ngel, Local F 80, Frente a Plaza Independencia\u00a0de\u00a0El\u00a0Monte.<\/p>\n","protected":false},"author":5,"featured_media":0,"parent":0,"menu_order":0,"comment_status":"closed","ping_status":"closed","template":"elementor_canvas","meta":{"footnotes":""},"class_list":["post-4271","page","type-page","status-publish","hentry"],"_links":{"self":[{"href":"https:\/\/pruebas.munielmonte.cl\/index.php?rest_route=\/wp\/v2\/pages\/4271","targetHints":{"allow":["GET"]}}],"collection":[{"href":"https:\/\/pruebas.munielmonte.cl\/index.php?rest_route=\/wp\/v2\/pages"}],"about":[{"href":"https:\/\/pruebas.munielmonte.cl\/index.php?rest_route=\/wp\/v2\/types\/page"}],"author":[{"embeddable":true,"href":"https:\/\/pruebas.munielmonte.cl\/index.php?rest_route=\/wp\/v2\/users\/5"}],"replies":[{"embeddable":true,"href":"https:\/\/pruebas.munielmonte.cl\/index.php?rest_route=%2Fwp%2Fv2%2Fcomments&post=4271"}],"version-history":[{"count":7,"href":"https:\/\/pruebas.munielmonte.cl\/index.php?rest_route=\/wp\/v2\/pages\/4271\/revisions"}],"predecessor-version":[{"id":5313,"href":"https:\/\/pruebas.munielmonte.cl\/index.php?rest_route=\/wp\/v2\/pages\/4271\/revisions\/5313"}],"wp:attachment":[{"href":"https:\/\/pruebas.munielmonte.cl\/index.php?rest_route=%2Fwp%2Fv2%2Fmedia&parent=4271"}],"curies":[{"name":"wp","href":"https:\/\/api.w.org\/{rel}","templated":true}]}}