{"id":4225,"date":"2025-10-28T13:48:44","date_gmt":"2025-10-28T13:48:44","guid":{"rendered":"https:\/\/pruebas.munielmonte.cl\/?page_id=4225"},"modified":"2026-01-09T18:17:32","modified_gmt":"2026-01-09T18:17:32","slug":"administracion","status":"publish","type":"page","link":"https:\/\/pruebas.munielmonte.cl\/?page_id=4225","title":{"rendered":"Administraci\u00f3n"},"content":{"rendered":"\t\t<div data-elementor-type=\"wp-page\" data-elementor-id=\"4225\" class=\"elementor elementor-4225\" data-elementor-post-type=\"page\">\n\t\t\t\t<div class=\"elementor-element elementor-element-285d650b e-flex e-con-boxed wpr-particle-no wpr-jarallax-no wpr-parallax-no wpr-sticky-section-no wpr-column-slider-no wpr-equal-height-no e-con e-parent\" data-id=\"285d650b\" data-element_type=\"container\" data-e-type=\"container\">\n\t\t\t\t\t<div class=\"e-con-inner\">\n\t\t\t\t<div class=\"elementor-element elementor-element-c26601b elementor-widget elementor-widget-heading\" data-id=\"c26601b\" data-element_type=\"widget\" data-e-type=\"widget\" data-widget_type=\"heading.default\">\n\t\t\t\t<div class=\"elementor-widget-container\">\n\t\t\t\t\t<h2 class=\"elementor-heading-title elementor-size-default\">ADMINISTRACION<\/h2>\t\t\t\t<\/div>\n\t\t\t\t<\/div>\n\t\t<div class=\"elementor-element elementor-element-2a63481 e-con-full e-flex wpr-particle-no wpr-jarallax-no wpr-parallax-no wpr-sticky-section-no wpr-column-slider-no wpr-equal-height-no elementor-invisible e-con e-child\" data-id=\"2a63481\" data-element_type=\"container\" data-e-type=\"container\" data-settings=\"{&quot;animation&quot;:&quot;fadeIn&quot;}\">\n\t\t<div class=\"elementor-element elementor-element-e98555b e-con-full e-flex wpr-particle-no wpr-jarallax-no wpr-parallax-no wpr-sticky-section-no wpr-column-slider-no wpr-equal-height-no e-con e-child\" data-id=\"e98555b\" data-element_type=\"container\" data-e-type=\"container\">\n\t\t\t\t<div class=\"elementor-element elementor-element-6ba20ee elementor-widget elementor-widget-text-editor\" data-id=\"6ba20ee\" data-element_type=\"widget\" data-e-type=\"widget\" data-widget_type=\"text-editor.default\">\n\t\t\t\t<div class=\"elementor-widget-container\">\n\t\t\t\t\t\t\t\t\t<p style=\"text-align: left;\"><strong><span style=\"font-family: gotham-rounded-book; font-size: 18px; color: #000000;\">Dante Aguirre Bravo<\/span><\/strong><\/p><p style=\"text-align: left;\"><strong><span style=\"font-family: gotham-rounded-book; font-size: 18px; color: #000000;\"> ADMINISTRADOR MUNICIPAL<\/span><\/strong><\/p><p style=\"text-align: left;\"><span style=\"font-family: gotham-rounded-book; font-size: 18px; color: #000000;\">Al administrador municipal le corresponder\u00e1:<\/span><\/p><p style=\"text-align: left;\"><span style=\"font-family: gotham-rounded-book; font-size: 18px; color: #000000;\">&#8211; Ejecutar tareas de coordinaci\u00f3n de todas las<\/span><br \/><span style=\"font-family: gotham-rounded-book; font-size: 18px; color: #000000;\">unidades municipales y servicios municipalizados, de acuerdo<\/span><br \/><span style=\"font-family: gotham-rounded-book; font-size: 18px; color: #000000;\">a las instrucciones del alcalde;<\/span><br \/><span style=\"font-family: gotham-rounded-book; font-size: 18px; color: #000000;\">&#8211; Velar por el adecuado cumplimiento de la gesti\u00f3n y<\/span><br \/><span style=\"font-family: gotham-rounded-book; font-size: 18px; color: #000000;\">ejecuci\u00f3n t\u00e9cnica de las pol\u00edticas, planes y programas de<\/span><br \/><span style=\"font-family: gotham-rounded-book; font-size: 18px; color: #000000;\">la municipalidad<\/span><br \/><span style=\"font-family: gotham-rounded-book; font-size: 18px; color: #000000;\">&#8211; Ejercer las atribuciones que le delegue el alcalde,<\/span><br \/><span style=\"font-family: gotham-rounded-book; font-size: 18px; color: #000000;\">en conformidad con esta ley, y las dem\u00e1s funciones que se<\/span><br \/><span style=\"font-family: gotham-rounded-book; font-size: 18px; color: #000000;\">le encomienden de acuerdo con el reglamento interno de la<\/span><br \/><span style=\"font-family: gotham-rounded-book; font-size: 18px; color: #000000;\">municipalidad.<\/span><\/p><p><strong><span style=\"font-family: gotham-rounded-book;\">CORREO: DANTE.AGUIRRE@MUNIELMONTE.CL<\/span><\/strong><\/p>\t\t\t\t\t\t\t\t<\/div>\n\t\t\t\t<\/div>\n\t\t\t\t<\/div>\n\t\t<div class=\"elementor-element elementor-element-472adb7 e-con-full e-flex wpr-particle-no wpr-jarallax-no wpr-parallax-no wpr-sticky-section-no wpr-column-slider-no wpr-equal-height-no e-con e-child\" data-id=\"472adb7\" data-element_type=\"container\" data-e-type=\"container\">\n\t\t\t\t<div class=\"elementor-element elementor-element-7f63c2c elementor-widget elementor-widget-image\" data-id=\"7f63c2c\" data-element_type=\"widget\" data-e-type=\"widget\" data-widget_type=\"image.default\">\n\t\t\t\t<div class=\"elementor-widget-container\">\n\t\t\t\t\t\t\t\t\t\t\t\t\t\t\t<img fetchpriority=\"high\" decoding=\"async\" width=\"2160\" height=\"2160\" src=\"https:\/\/pruebas.munielmonte.cl\/wp-content\/uploads\/2025\/11\/Diseno.png\" class=\"attachment-full size-full wp-image-4900\" alt=\"logo\" srcset=\"https:\/\/pruebas.munielmonte.cl\/wp-content\/uploads\/2025\/11\/Diseno.png 2160w, https:\/\/pruebas.munielmonte.cl\/wp-content\/uploads\/2025\/11\/Diseno-300x300.png 300w, https:\/\/pruebas.munielmonte.cl\/wp-content\/uploads\/2025\/11\/Diseno-1024x1024.png 1024w, https:\/\/pruebas.munielmonte.cl\/wp-content\/uploads\/2025\/11\/Diseno-150x150.png 150w, https:\/\/pruebas.munielmonte.cl\/wp-content\/uploads\/2025\/11\/Diseno-768x768.png 768w, https:\/\/pruebas.munielmonte.cl\/wp-content\/uploads\/2025\/11\/Diseno-1536x1536.png 1536w, https:\/\/pruebas.munielmonte.cl\/wp-content\/uploads\/2025\/11\/Diseno-2048x2048.png 2048w\" sizes=\"(max-width: 2160px) 100vw, 2160px\" \/>\t\t\t\t\t\t\t\t\t\t\t\t\t\t\t<\/div>\n\t\t\t\t<\/div>\n\t\t\t\t<\/div>\n\t\t\t\t<\/div>\n\t\t\t\t\t<\/div>\n\t\t\t\t<\/div>\n\t\t\t\t<\/div>\n\t\t","protected":false},"excerpt":{"rendered":"<p>ADMINISTRACION Dante Aguirre Bravo ADMINISTRADOR MUNICIPAL Al administrador municipal le corresponder\u00e1: &#8211; Ejecutar tareas de coordinaci\u00f3n de todas lasunidades municipales y servicios municipalizados, de acuerdoa las instrucciones del alcalde;&#8211; Velar por el adecuado cumplimiento de la gesti\u00f3n yejecuci\u00f3n t\u00e9cnica de las pol\u00edticas, planes y programas dela municipalidad&#8211; Ejercer las atribuciones que le delegue el alcalde,en conformidad con esta ley, y las dem\u00e1s funciones que sele encomienden de acuerdo con el reglamento interno de lamunicipalidad. CORREO: DANTE.AGUIRRE@MUNIELMONTE.CL<\/p>\n","protected":false},"author":5,"featured_media":0,"parent":0,"menu_order":0,"comment_status":"closed","ping_status":"closed","template":"elementor_canvas","meta":{"footnotes":""},"class_list":["post-4225","page","type-page","status-publish","hentry"],"_links":{"self":[{"href":"https:\/\/pruebas.munielmonte.cl\/index.php?rest_route=\/wp\/v2\/pages\/4225","targetHints":{"allow":["GET"]}}],"collection":[{"href":"https:\/\/pruebas.munielmonte.cl\/index.php?rest_route=\/wp\/v2\/pages"}],"about":[{"href":"https:\/\/pruebas.munielmonte.cl\/index.php?rest_route=\/wp\/v2\/types\/page"}],"author":[{"embeddable":true,"href":"https:\/\/pruebas.munielmonte.cl\/index.php?rest_route=\/wp\/v2\/users\/5"}],"replies":[{"embeddable":true,"href":"https:\/\/pruebas.munielmonte.cl\/index.php?rest_route=%2Fwp%2Fv2%2Fcomments&post=4225"}],"version-history":[{"count":31,"href":"https:\/\/pruebas.munielmonte.cl\/index.php?rest_route=\/wp\/v2\/pages\/4225\/revisions"}],"predecessor-version":[{"id":5403,"href":"https:\/\/pruebas.munielmonte.cl\/index.php?rest_route=\/wp\/v2\/pages\/4225\/revisions\/5403"}],"wp:attachment":[{"href":"https:\/\/pruebas.munielmonte.cl\/index.php?rest_route=%2Fwp%2Fv2%2Fmedia&parent=4225"}],"curies":[{"name":"wp","href":"https:\/\/api.w.org\/{rel}","templated":true}]}}