{"id":4218,"date":"2025-10-28T12:53:45","date_gmt":"2025-10-28T12:53:45","guid":{"rendered":"https:\/\/pruebas.munielmonte.cl\/?page_id=4218"},"modified":"2025-11-04T15:32:10","modified_gmt":"2025-11-04T15:32:10","slug":"departamento-de-aseo-y-ornato","status":"publish","type":"page","link":"https:\/\/pruebas.munielmonte.cl\/?page_id=4218","title":{"rendered":"Departamento de Aseo y Ornato"},"content":{"rendered":"\t\t<div data-elementor-type=\"wp-page\" data-elementor-id=\"4218\" class=\"elementor elementor-4218\" data-elementor-post-type=\"page\">\n\t\t\t\t<div class=\"elementor-element elementor-element-30f1f4f e-flex e-con-boxed wpr-particle-no wpr-jarallax-no wpr-parallax-no wpr-sticky-section-no wpr-column-slider-no wpr-equal-height-no e-con e-parent\" data-id=\"30f1f4f\" data-element_type=\"container\" data-e-type=\"container\">\n\t\t\t\t\t<div class=\"e-con-inner\">\n\t\t\t\t<div class=\"elementor-element elementor-element-7fd6ea3 elementor-widget elementor-widget-heading\" data-id=\"7fd6ea3\" data-element_type=\"widget\" data-e-type=\"widget\" data-widget_type=\"heading.default\">\n\t\t\t\t<div class=\"elementor-widget-container\">\n\t\t\t\t\t<h2 class=\"elementor-heading-title elementor-size-default\">DIRECCI\u00d3N DE ASEO Y ORNATO\n<\/h2>\t\t\t\t<\/div>\n\t\t\t\t<\/div>\n\t\t<div class=\"elementor-element elementor-element-393da0e e-con-full e-flex wpr-particle-no wpr-jarallax-no wpr-parallax-no wpr-sticky-section-no wpr-column-slider-no wpr-equal-height-no elementor-invisible e-con e-child\" data-id=\"393da0e\" data-element_type=\"container\" data-e-type=\"container\" data-settings=\"{&quot;animation&quot;:&quot;fadeIn&quot;}\">\n\t\t<div class=\"elementor-element elementor-element-1367e4a e-con-full e-flex wpr-particle-no wpr-jarallax-no wpr-parallax-no wpr-sticky-section-no wpr-column-slider-no wpr-equal-height-no e-con e-child\" data-id=\"1367e4a\" data-element_type=\"container\" data-e-type=\"container\">\n\t\t\t\t<div class=\"elementor-element elementor-element-5c5362e elementor-widget elementor-widget-text-editor\" data-id=\"5c5362e\" data-element_type=\"widget\" data-e-type=\"widget\" data-widget_type=\"text-editor.default\">\n\t\t\t\t<div class=\"elementor-widget-container\">\n\t\t\t\t\t\t\t\t\t<p style=\"text-align: left;\"><span style=\"font-family: gothambook; font-size: 18px; color: #000000;\">Nombre: Jorge Vera Tapia<\/span><\/p><p style=\"text-align: left;\"><span style=\"font-family: gothambook; font-size: 18px; color: #000000;\">Las funciones de una Direcci\u00f3n de Aseo y Ornato incluyen el aseo de espacios p\u00fablicos (calles, parques, plazas), la recolecci\u00f3n y disposici\u00f3n de residuos domiciliarios y de otros tipos (como escombros y podas), y la conservaci\u00f3n y administraci\u00f3n de \u00e1reas verdes. Estas direcciones tambi\u00e9n se encargan de la higiene ambiental, la gesti\u00f3n de microbasurales, el cumplimiento de ordenanzas locales y, en algunos casos, el cuidado de la fauna silvestre\u00a0y\u00a0las\u00a0mascotas.<\/span><\/p>\t\t\t\t\t\t\t\t<\/div>\n\t\t\t\t<\/div>\n\t\t\t\t<\/div>\n\t\t<div class=\"elementor-element elementor-element-8c60c18 e-con-full e-flex wpr-particle-no wpr-jarallax-no wpr-parallax-no wpr-sticky-section-no wpr-column-slider-no wpr-equal-height-no e-con e-child\" data-id=\"8c60c18\" data-element_type=\"container\" data-e-type=\"container\">\n\t\t\t\t<div class=\"elementor-element elementor-element-8f8954b elementor-widget elementor-widget-image\" data-id=\"8f8954b\" data-element_type=\"widget\" data-e-type=\"widget\" data-widget_type=\"image.default\">\n\t\t\t\t<div class=\"elementor-widget-container\">\n\t\t\t\t\t\t\t\t\t\t\t\t<figure class=\"wp-caption\">\n\t\t\t\t\t\t\t\t\t\t<img fetchpriority=\"high\" decoding=\"async\" width=\"2160\" height=\"2160\" src=\"https:\/\/pruebas.munielmonte.cl\/wp-content\/uploads\/2025\/11\/Diseno.png\" class=\"attachment-full size-full wp-image-4900\" alt=\"logo\" srcset=\"https:\/\/pruebas.munielmonte.cl\/wp-content\/uploads\/2025\/11\/Diseno.png 2160w, https:\/\/pruebas.munielmonte.cl\/wp-content\/uploads\/2025\/11\/Diseno-300x300.png 300w, https:\/\/pruebas.munielmonte.cl\/wp-content\/uploads\/2025\/11\/Diseno-1024x1024.png 1024w, https:\/\/pruebas.munielmonte.cl\/wp-content\/uploads\/2025\/11\/Diseno-150x150.png 150w, https:\/\/pruebas.munielmonte.cl\/wp-content\/uploads\/2025\/11\/Diseno-768x768.png 768w, https:\/\/pruebas.munielmonte.cl\/wp-content\/uploads\/2025\/11\/Diseno-1536x1536.png 1536w, https:\/\/pruebas.munielmonte.cl\/wp-content\/uploads\/2025\/11\/Diseno-2048x2048.png 2048w\" sizes=\"(max-width: 2160px) 100vw, 2160px\" \/>\t\t\t\t\t\t\t\t\t\t\t<figcaption class=\"widget-image-caption wp-caption-text\">Correo:direcciondeaseoyornato@munielmonte.cl<\/figcaption>\n\t\t\t\t\t\t\t\t\t\t<\/figure>\n\t\t\t\t\t\t\t\t\t<\/div>\n\t\t\t\t<\/div>\n\t\t\t\t<\/div>\n\t\t\t\t<\/div>\n\t\t\t\t\t<\/div>\n\t\t\t\t<\/div>\n\t\t\t\t<\/div>\n\t\t","protected":false},"excerpt":{"rendered":"<p>DIRECCI\u00d3N DE ASEO Y ORNATO Nombre: Jorge Vera Tapia Las funciones de una Direcci\u00f3n de Aseo y Ornato incluyen el aseo de espacios p\u00fablicos (calles, parques, plazas), la recolecci\u00f3n y disposici\u00f3n de residuos domiciliarios y de otros tipos (como escombros y podas), y la conservaci\u00f3n y administraci\u00f3n de \u00e1reas verdes. Estas direcciones tambi\u00e9n se encargan de la higiene ambiental, la gesti\u00f3n de microbasurales, el cumplimiento de ordenanzas locales y, en algunos casos, el cuidado de la fauna silvestre\u00a0y\u00a0las\u00a0mascotas. Correo:direcciondeaseoyornato@munielmonte.cl<\/p>\n","protected":false},"author":5,"featured_media":0,"parent":0,"menu_order":0,"comment_status":"closed","ping_status":"closed","template":"elementor_canvas","meta":{"footnotes":""},"class_list":["post-4218","page","type-page","status-publish","hentry"],"_links":{"self":[{"href":"https:\/\/pruebas.munielmonte.cl\/index.php?rest_route=\/wp\/v2\/pages\/4218","targetHints":{"allow":["GET"]}}],"collection":[{"href":"https:\/\/pruebas.munielmonte.cl\/index.php?rest_route=\/wp\/v2\/pages"}],"about":[{"href":"https:\/\/pruebas.munielmonte.cl\/index.php?rest_route=\/wp\/v2\/types\/page"}],"author":[{"embeddable":true,"href":"https:\/\/pruebas.munielmonte.cl\/index.php?rest_route=\/wp\/v2\/users\/5"}],"replies":[{"embeddable":true,"href":"https:\/\/pruebas.munielmonte.cl\/index.php?rest_route=%2Fwp%2Fv2%2Fcomments&post=4218"}],"version-history":[{"count":13,"href":"https:\/\/pruebas.munielmonte.cl\/index.php?rest_route=\/wp\/v2\/pages\/4218\/revisions"}],"predecessor-version":[{"id":5007,"href":"https:\/\/pruebas.munielmonte.cl\/index.php?rest_route=\/wp\/v2\/pages\/4218\/revisions\/5007"}],"wp:attachment":[{"href":"https:\/\/pruebas.munielmonte.cl\/index.php?rest_route=%2Fwp%2Fv2%2Fmedia&parent=4218"}],"curies":[{"name":"wp","href":"https:\/\/api.w.org\/{rel}","templated":true}]}}