{"id":4217,"date":"2025-10-28T12:54:21","date_gmt":"2025-10-28T12:54:21","guid":{"rendered":"https:\/\/pruebas.munielmonte.cl\/?page_id=4217"},"modified":"2025-11-04T15:32:01","modified_gmt":"2025-11-04T15:32:01","slug":"tesoreria-municipal","status":"publish","type":"page","link":"https:\/\/pruebas.munielmonte.cl\/?page_id=4217","title":{"rendered":"Tesorer\u00eda Municipal"},"content":{"rendered":"\t\t<div data-elementor-type=\"wp-page\" data-elementor-id=\"4217\" class=\"elementor elementor-4217\" data-elementor-post-type=\"page\">\n\t\t\t\t<div class=\"elementor-element elementor-element-ca424fb e-flex e-con-boxed wpr-particle-no wpr-jarallax-no wpr-parallax-no wpr-sticky-section-no wpr-column-slider-no wpr-equal-height-no e-con e-parent\" data-id=\"ca424fb\" data-element_type=\"container\" data-e-type=\"container\">\n\t\t\t\t\t<div class=\"e-con-inner\">\n\t\t\t\t<div class=\"elementor-element elementor-element-556ee3b elementor-widget elementor-widget-heading\" data-id=\"556ee3b\" data-element_type=\"widget\" data-e-type=\"widget\" data-widget_type=\"heading.default\">\n\t\t\t\t<div class=\"elementor-widget-container\">\n\t\t\t\t\t<h2 class=\"elementor-heading-title elementor-size-default\">TESORER\u00cdA MUNICIPAL<\/h2>\t\t\t\t<\/div>\n\t\t\t\t<\/div>\n\t\t<div class=\"elementor-element elementor-element-87647a3 e-con-full e-flex wpr-particle-no wpr-jarallax-no wpr-parallax-no wpr-sticky-section-no wpr-column-slider-no wpr-equal-height-no elementor-invisible e-con e-child\" data-id=\"87647a3\" data-element_type=\"container\" data-e-type=\"container\" data-settings=\"{&quot;animation&quot;:&quot;fadeIn&quot;}\">\n\t\t<div class=\"elementor-element elementor-element-b737bac e-con-full e-flex wpr-particle-no wpr-jarallax-no wpr-parallax-no wpr-sticky-section-no wpr-column-slider-no wpr-equal-height-no e-con e-child\" data-id=\"b737bac\" data-element_type=\"container\" data-e-type=\"container\">\n\t\t\t\t<div class=\"elementor-element elementor-element-d6f403c elementor-widget elementor-widget-text-editor\" data-id=\"d6f403c\" data-element_type=\"widget\" data-e-type=\"widget\" data-widget_type=\"text-editor.default\">\n\t\t\t\t<div class=\"elementor-widget-container\">\n\t\t\t\t\t\t\t\t\t<p style=\"text-align: left;\"><span style=\"font-family: gothambook; font-size: 18px; color: #000000;\">Nombre: Pamela vivanco<\/span><\/p><p style=\"text-align: left;\"><span style=\"font-family: gothambook; font-size: 18px; color: #000000;\">Son funciones espec\u00edficas del Departamento de Tesorer\u00eda Municipal las siguientes:\u00a0 Conservar y custodiar los fondos recaudados, las especies valoradas y dem\u00e1s valores municipales.\u00a0 Manejar las cuentas corrientes bancarias, seg\u00fan instrucciones emanadas de la Contralor\u00eda General de la Rep\u00fablica y organismos pertinentes, para la administraci\u00f3n de fondos especiales, efectuando su correspondiente control y conciliaci\u00f3n peri\u00f3dica.<\/span><\/p>\t\t\t\t\t\t\t\t<\/div>\n\t\t\t\t<\/div>\n\t\t\t\t<\/div>\n\t\t<div class=\"elementor-element elementor-element-717f6c2 e-con-full e-flex wpr-particle-no wpr-jarallax-no wpr-parallax-no wpr-sticky-section-no wpr-column-slider-no wpr-equal-height-no e-con e-child\" data-id=\"717f6c2\" data-element_type=\"container\" data-e-type=\"container\">\n\t\t\t\t<div class=\"elementor-element elementor-element-a148a20 elementor-widget elementor-widget-image\" data-id=\"a148a20\" data-element_type=\"widget\" data-e-type=\"widget\" data-widget_type=\"image.default\">\n\t\t\t\t<div class=\"elementor-widget-container\">\n\t\t\t\t\t\t\t\t\t\t\t\t<figure class=\"wp-caption\">\n\t\t\t\t\t\t\t\t\t\t<img fetchpriority=\"high\" decoding=\"async\" width=\"2160\" height=\"2160\" src=\"https:\/\/pruebas.munielmonte.cl\/wp-content\/uploads\/2025\/11\/Diseno.png\" class=\"attachment-full size-full wp-image-4900\" alt=\"logo\" srcset=\"https:\/\/pruebas.munielmonte.cl\/wp-content\/uploads\/2025\/11\/Diseno.png 2160w, https:\/\/pruebas.munielmonte.cl\/wp-content\/uploads\/2025\/11\/Diseno-300x300.png 300w, https:\/\/pruebas.munielmonte.cl\/wp-content\/uploads\/2025\/11\/Diseno-1024x1024.png 1024w, https:\/\/pruebas.munielmonte.cl\/wp-content\/uploads\/2025\/11\/Diseno-150x150.png 150w, https:\/\/pruebas.munielmonte.cl\/wp-content\/uploads\/2025\/11\/Diseno-768x768.png 768w, https:\/\/pruebas.munielmonte.cl\/wp-content\/uploads\/2025\/11\/Diseno-1536x1536.png 1536w, https:\/\/pruebas.munielmonte.cl\/wp-content\/uploads\/2025\/11\/Diseno-2048x2048.png 2048w\" sizes=\"(max-width: 2160px) 100vw, 2160px\" \/>\t\t\t\t\t\t\t\t\t\t\t<figcaption class=\"widget-image-caption wp-caption-text\">Correo:tesoreriamunicipal@munielmonte.cl<\/figcaption>\n\t\t\t\t\t\t\t\t\t\t<\/figure>\n\t\t\t\t\t\t\t\t\t<\/div>\n\t\t\t\t<\/div>\n\t\t\t\t<\/div>\n\t\t\t\t<\/div>\n\t\t\t\t\t<\/div>\n\t\t\t\t<\/div>\n\t\t\t\t<\/div>\n\t\t","protected":false},"excerpt":{"rendered":"<p>TESORER\u00cdA MUNICIPAL Nombre: Pamela vivanco Son funciones espec\u00edficas del Departamento de Tesorer\u00eda Municipal las siguientes:\u00a0 Conservar y custodiar los fondos recaudados, las especies valoradas y dem\u00e1s valores municipales.\u00a0 Manejar las cuentas corrientes bancarias, seg\u00fan instrucciones emanadas de la Contralor\u00eda General de la Rep\u00fablica y organismos pertinentes, para la administraci\u00f3n de fondos especiales, efectuando su correspondiente control y conciliaci\u00f3n peri\u00f3dica. Correo:tesoreriamunicipal@munielmonte.cl<\/p>\n","protected":false},"author":5,"featured_media":0,"parent":0,"menu_order":0,"comment_status":"closed","ping_status":"closed","template":"elementor_canvas","meta":{"footnotes":""},"class_list":["post-4217","page","type-page","status-publish","hentry"],"_links":{"self":[{"href":"https:\/\/pruebas.munielmonte.cl\/index.php?rest_route=\/wp\/v2\/pages\/4217","targetHints":{"allow":["GET"]}}],"collection":[{"href":"https:\/\/pruebas.munielmonte.cl\/index.php?rest_route=\/wp\/v2\/pages"}],"about":[{"href":"https:\/\/pruebas.munielmonte.cl\/index.php?rest_route=\/wp\/v2\/types\/page"}],"author":[{"embeddable":true,"href":"https:\/\/pruebas.munielmonte.cl\/index.php?rest_route=\/wp\/v2\/users\/5"}],"replies":[{"embeddable":true,"href":"https:\/\/pruebas.munielmonte.cl\/index.php?rest_route=%2Fwp%2Fv2%2Fcomments&post=4217"}],"version-history":[{"count":13,"href":"https:\/\/pruebas.munielmonte.cl\/index.php?rest_route=\/wp\/v2\/pages\/4217\/revisions"}],"predecessor-version":[{"id":5004,"href":"https:\/\/pruebas.munielmonte.cl\/index.php?rest_route=\/wp\/v2\/pages\/4217\/revisions\/5004"}],"wp:attachment":[{"href":"https:\/\/pruebas.munielmonte.cl\/index.php?rest_route=%2Fwp%2Fv2%2Fmedia&parent=4217"}],"curies":[{"name":"wp","href":"https:\/\/api.w.org\/{rel}","templated":true}]}}