{"id":4025,"date":"2025-10-09T15:15:55","date_gmt":"2025-10-09T15:15:55","guid":{"rendered":"https:\/\/pruebas.munielmonte.cl\/?page_id=4025"},"modified":"2025-11-27T16:10:54","modified_gmt":"2025-11-27T16:10:54","slug":"revista-comunal","status":"publish","type":"page","link":"https:\/\/pruebas.munielmonte.cl\/?page_id=4025","title":{"rendered":"Revista comunal"},"content":{"rendered":"\t\t<div data-elementor-type=\"wp-page\" data-elementor-id=\"4025\" class=\"elementor elementor-4025\" data-elementor-post-type=\"page\">\n\t\t\t\t<div class=\"elementor-element elementor-element-64d0b33 e-flex e-con-boxed wpr-particle-no wpr-jarallax-no wpr-parallax-no wpr-sticky-section-no wpr-column-slider-no wpr-equal-height-no e-con e-parent\" data-id=\"64d0b33\" data-element_type=\"container\" data-e-type=\"container\">\n\t\t\t\t\t<div class=\"e-con-inner\">\n\t\t\t\t<div class=\"elementor-element elementor-element-82e985a elementor-widget elementor-widget-heading\" data-id=\"82e985a\" data-element_type=\"widget\" data-e-type=\"widget\" data-widget_type=\"heading.default\">\n\t\t\t\t<div class=\"elementor-widget-container\">\n\t\t\t\t\t<h2 class=\"elementor-heading-title elementor-size-default\">\nSER DE EL MONTE REVISTA COMUNAL<\/h2>\t\t\t\t<\/div>\n\t\t\t\t<\/div>\n\t\t\t\t\t<\/div>\n\t\t\t\t<\/div>\n\t\t<div class=\"elementor-element elementor-element-3bdd8b9 e-grid e-con-boxed wpr-particle-no wpr-jarallax-no wpr-parallax-no wpr-sticky-section-no wpr-column-slider-no wpr-equal-height-no e-con e-parent\" data-id=\"3bdd8b9\" data-element_type=\"container\" data-e-type=\"container\">\n\t\t\t\t\t<div class=\"e-con-inner\">\n\t\t\t\t<div class=\"elementor-element elementor-element-7350cfe elementor-widget elementor-widget-image\" data-id=\"7350cfe\" data-element_type=\"widget\" data-e-type=\"widget\" data-widget_type=\"image.default\">\n\t\t\t\t<div class=\"elementor-widget-container\">\n\t\t\t\t\t\t\t\t\t\t\t\t<figure class=\"wp-caption\">\n\t\t\t\t\t\t\t\t\t\t\t<a href=\"https:\/\/drive.google.com\/file\/d\/1EcjVKMIHJRGQ-B234iSr8jAZue09GC4v\/view?pli=1\">\n\t\t\t\t\t\t\t<img fetchpriority=\"high\" decoding=\"async\" width=\"724\" height=\"1024\" src=\"https:\/\/pruebas.munielmonte.cl\/wp-content\/uploads\/2025\/10\/Ser-de-El-Monte-revista-comunal-724x1024.jpg\" class=\"attachment-large size-large wp-image-4015\" alt=\"\" srcset=\"https:\/\/pruebas.munielmonte.cl\/wp-content\/uploads\/2025\/10\/Ser-de-El-Monte-revista-comunal-724x1024.jpg 724w, https:\/\/pruebas.munielmonte.cl\/wp-content\/uploads\/2025\/10\/Ser-de-El-Monte-revista-comunal-212x300.jpg 212w, https:\/\/pruebas.munielmonte.cl\/wp-content\/uploads\/2025\/10\/Ser-de-El-Monte-revista-comunal-768x1086.jpg 768w, https:\/\/pruebas.munielmonte.cl\/wp-content\/uploads\/2025\/10\/Ser-de-El-Monte-revista-comunal-1086x1536.jpg 1086w, https:\/\/pruebas.munielmonte.cl\/wp-content\/uploads\/2025\/10\/Ser-de-El-Monte-revista-comunal.jpg 1414w\" sizes=\"(max-width: 724px) 100vw, 724px\" \/>\t\t\t\t\t\t\t\t<\/a>\n\t\t\t\t\t\t\t\t\t\t\t<figcaption class=\"widget-image-caption wp-caption-text\">1era Edici\u00f3n Ser de El Monte Revista comunal<\/figcaption>\n\t\t\t\t\t\t\t\t\t\t<\/figure>\n\t\t\t\t\t\t\t\t\t<\/div>\n\t\t\t\t<\/div>\n\t\t\t\t<div class=\"elementor-element elementor-element-6567bb7 elementor-widget elementor-widget-image\" data-id=\"6567bb7\" data-element_type=\"widget\" data-e-type=\"widget\" data-widget_type=\"image.default\">\n\t\t\t\t<div class=\"elementor-widget-container\">\n\t\t\t\t\t\t\t\t\t\t\t\t<figure class=\"wp-caption\">\n\t\t\t\t\t\t\t\t\t\t\t<a href=\"https:\/\/drive.google.com\/file\/d\/1Ad-xrNa9zsiQ6y5GyrV9HiDTQuOPBF6M\/view\">\n\t\t\t\t\t\t\t<img decoding=\"async\" width=\"724\" height=\"1024\" src=\"https:\/\/pruebas.munielmonte.cl\/wp-content\/uploads\/2025\/10\/2da-Edicion-Ser-de-El-Monte-Revista-comunal-724x1024.jpg\" class=\"attachment-large size-large wp-image-4011\" alt=\"\" srcset=\"https:\/\/pruebas.munielmonte.cl\/wp-content\/uploads\/2025\/10\/2da-Edicion-Ser-de-El-Monte-Revista-comunal-724x1024.jpg 724w, https:\/\/pruebas.munielmonte.cl\/wp-content\/uploads\/2025\/10\/2da-Edicion-Ser-de-El-Monte-Revista-comunal-212x300.jpg 212w, https:\/\/pruebas.munielmonte.cl\/wp-content\/uploads\/2025\/10\/2da-Edicion-Ser-de-El-Monte-Revista-comunal-768x1086.jpg 768w, https:\/\/pruebas.munielmonte.cl\/wp-content\/uploads\/2025\/10\/2da-Edicion-Ser-de-El-Monte-Revista-comunal-1086x1536.jpg 1086w, https:\/\/pruebas.munielmonte.cl\/wp-content\/uploads\/2025\/10\/2da-Edicion-Ser-de-El-Monte-Revista-comunal.jpg 1414w\" sizes=\"(max-width: 724px) 100vw, 724px\" \/>\t\t\t\t\t\t\t\t<\/a>\n\t\t\t\t\t\t\t\t\t\t\t<figcaption class=\"widget-image-caption wp-caption-text\">2da Edici\u00f3n Ser de El Monte Revista comunal<\/figcaption>\n\t\t\t\t\t\t\t\t\t\t<\/figure>\n\t\t\t\t\t\t\t\t\t<\/div>\n\t\t\t\t<\/div>\n\t\t\t\t<div class=\"elementor-element elementor-element-4692d4e elementor-widget elementor-widget-image\" data-id=\"4692d4e\" data-element_type=\"widget\" data-e-type=\"widget\" data-widget_type=\"image.default\">\n\t\t\t\t<div class=\"elementor-widget-container\">\n\t\t\t\t\t\t\t\t\t\t\t\t<figure class=\"wp-caption\">\n\t\t\t\t\t\t\t\t\t\t\t<a href=\"https:\/\/drive.google.com\/file\/d\/1q9aK8hmMcaFf0l9Hu9b2kYVX5-KOqc81\/view\">\n\t\t\t\t\t\t\t<img decoding=\"async\" width=\"724\" height=\"1024\" src=\"https:\/\/pruebas.munielmonte.cl\/wp-content\/uploads\/2025\/10\/3a-Edicion-Ser-de-El-Monte-Revista-comunal-724x1024.jpg\" class=\"attachment-large size-large wp-image-4012\" alt=\"\" srcset=\"https:\/\/pruebas.munielmonte.cl\/wp-content\/uploads\/2025\/10\/3a-Edicion-Ser-de-El-Monte-Revista-comunal-724x1024.jpg 724w, https:\/\/pruebas.munielmonte.cl\/wp-content\/uploads\/2025\/10\/3a-Edicion-Ser-de-El-Monte-Revista-comunal-212x300.jpg 212w, https:\/\/pruebas.munielmonte.cl\/wp-content\/uploads\/2025\/10\/3a-Edicion-Ser-de-El-Monte-Revista-comunal-768x1086.jpg 768w, https:\/\/pruebas.munielmonte.cl\/wp-content\/uploads\/2025\/10\/3a-Edicion-Ser-de-El-Monte-Revista-comunal-1086x1536.jpg 1086w, https:\/\/pruebas.munielmonte.cl\/wp-content\/uploads\/2025\/10\/3a-Edicion-Ser-de-El-Monte-Revista-comunal.jpg 1414w\" sizes=\"(max-width: 724px) 100vw, 724px\" \/>\t\t\t\t\t\t\t\t<\/a>\n\t\t\t\t\t\t\t\t\t\t\t<figcaption class=\"widget-image-caption wp-caption-text\">3a Edici\u00f3n Ser de El Monte Revista comunal<\/figcaption>\n\t\t\t\t\t\t\t\t\t\t<\/figure>\n\t\t\t\t\t\t\t\t\t<\/div>\n\t\t\t\t<\/div>\n\t\t\t\t<div class=\"elementor-element elementor-element-618bdef elementor-widget elementor-widget-image\" data-id=\"618bdef\" data-element_type=\"widget\" data-e-type=\"widget\" data-widget_type=\"image.default\">\n\t\t\t\t<div class=\"elementor-widget-container\">\n\t\t\t\t\t\t\t\t\t\t\t\t<figure class=\"wp-caption\">\n\t\t\t\t\t\t\t\t\t\t\t<a href=\"https:\/\/drive.google.com\/file\/d\/1CTOwCOITFGY9_ZFUMVn__e2xta7VZfPw\/view\">\n\t\t\t\t\t\t\t<img loading=\"lazy\" decoding=\"async\" width=\"724\" height=\"1024\" src=\"https:\/\/pruebas.munielmonte.cl\/wp-content\/uploads\/2025\/10\/4ta-Edicion-Ser-de-El-Monte-Revista-comunal-724x1024.jpg\" class=\"attachment-large size-large wp-image-4013\" alt=\"\" srcset=\"https:\/\/pruebas.munielmonte.cl\/wp-content\/uploads\/2025\/10\/4ta-Edicion-Ser-de-El-Monte-Revista-comunal-724x1024.jpg 724w, https:\/\/pruebas.munielmonte.cl\/wp-content\/uploads\/2025\/10\/4ta-Edicion-Ser-de-El-Monte-Revista-comunal-212x300.jpg 212w, https:\/\/pruebas.munielmonte.cl\/wp-content\/uploads\/2025\/10\/4ta-Edicion-Ser-de-El-Monte-Revista-comunal-768x1086.jpg 768w, https:\/\/pruebas.munielmonte.cl\/wp-content\/uploads\/2025\/10\/4ta-Edicion-Ser-de-El-Monte-Revista-comunal-1086x1536.jpg 1086w, https:\/\/pruebas.munielmonte.cl\/wp-content\/uploads\/2025\/10\/4ta-Edicion-Ser-de-El-Monte-Revista-comunal.jpg 1414w\" sizes=\"(max-width: 724px) 100vw, 724px\" \/>\t\t\t\t\t\t\t\t<\/a>\n\t\t\t\t\t\t\t\t\t\t\t<figcaption class=\"widget-image-caption wp-caption-text\">4ta Edici\u00f3n Ser de El Monte Revista comunal<\/figcaption>\n\t\t\t\t\t\t\t\t\t\t<\/figure>\n\t\t\t\t\t\t\t\t\t<\/div>\n\t\t\t\t<\/div>\n\t\t\t\t<div class=\"elementor-element elementor-element-fd6adb6 elementor-widget elementor-widget-image\" data-id=\"fd6adb6\" data-element_type=\"widget\" data-e-type=\"widget\" data-widget_type=\"image.default\">\n\t\t\t\t<div class=\"elementor-widget-container\">\n\t\t\t\t\t\t\t\t\t\t\t\t<figure class=\"wp-caption\">\n\t\t\t\t\t\t\t\t\t\t\t<a href=\"https:\/\/drive.google.com\/file\/d\/1am3bU6G6FrjRKPCxsTeMpvgk_DZuQlLP\/view\">\n\t\t\t\t\t\t\t<img loading=\"lazy\" decoding=\"async\" width=\"724\" height=\"1024\" src=\"https:\/\/pruebas.munielmonte.cl\/wp-content\/uploads\/2025\/10\/5ta-Edicion-Ser-de-El-Monte-Revista-comunal-724x1024.jpg\" class=\"attachment-large size-large wp-image-4014\" alt=\"\" srcset=\"https:\/\/pruebas.munielmonte.cl\/wp-content\/uploads\/2025\/10\/5ta-Edicion-Ser-de-El-Monte-Revista-comunal-724x1024.jpg 724w, https:\/\/pruebas.munielmonte.cl\/wp-content\/uploads\/2025\/10\/5ta-Edicion-Ser-de-El-Monte-Revista-comunal-212x300.jpg 212w, https:\/\/pruebas.munielmonte.cl\/wp-content\/uploads\/2025\/10\/5ta-Edicion-Ser-de-El-Monte-Revista-comunal-768x1086.jpg 768w, https:\/\/pruebas.munielmonte.cl\/wp-content\/uploads\/2025\/10\/5ta-Edicion-Ser-de-El-Monte-Revista-comunal-1086x1536.jpg 1086w, https:\/\/pruebas.munielmonte.cl\/wp-content\/uploads\/2025\/10\/5ta-Edicion-Ser-de-El-Monte-Revista-comunal.jpg 1414w\" sizes=\"(max-width: 724px) 100vw, 724px\" \/>\t\t\t\t\t\t\t\t<\/a>\n\t\t\t\t\t\t\t\t\t\t\t<figcaption class=\"widget-image-caption wp-caption-text\">5ta Edici\u00f3n Ser de El Monte Revista comunal<\/figcaption>\n\t\t\t\t\t\t\t\t\t\t<\/figure>\n\t\t\t\t\t\t\t\t\t<\/div>\n\t\t\t\t<\/div>\n\t\t\t\t<div class=\"elementor-element elementor-element-ffa9ae8 elementor-widget elementor-widget-image\" data-id=\"ffa9ae8\" data-element_type=\"widget\" data-e-type=\"widget\" data-widget_type=\"image.default\">\n\t\t\t\t<div class=\"elementor-widget-container\">\n\t\t\t\t\t\t\t\t\t\t\t\t<figure class=\"wp-caption\">\n\t\t\t\t\t\t\t\t\t\t\t<a href=\"https:\/\/drive.google.com\/file\/d\/1oKN3jLDPJ3QrCRPSO42b6vevHIbloJg4\/view\">\n\t\t\t\t\t\t\t<img loading=\"lazy\" decoding=\"async\" width=\"724\" height=\"1024\" src=\"https:\/\/pruebas.munielmonte.cl\/wp-content\/uploads\/2025\/11\/Imagen-de-WhatsApp-2025-11-21-a-las-12.28.17_e80d17f7-724x1024.jpg\" class=\"attachment-large size-large wp-image-5298\" alt=\"\" srcset=\"https:\/\/pruebas.munielmonte.cl\/wp-content\/uploads\/2025\/11\/Imagen-de-WhatsApp-2025-11-21-a-las-12.28.17_e80d17f7-724x1024.jpg 724w, https:\/\/pruebas.munielmonte.cl\/wp-content\/uploads\/2025\/11\/Imagen-de-WhatsApp-2025-11-21-a-las-12.28.17_e80d17f7-212x300.jpg 212w, https:\/\/pruebas.munielmonte.cl\/wp-content\/uploads\/2025\/11\/Imagen-de-WhatsApp-2025-11-21-a-las-12.28.17_e80d17f7-768x1086.jpg 768w, https:\/\/pruebas.munielmonte.cl\/wp-content\/uploads\/2025\/11\/Imagen-de-WhatsApp-2025-11-21-a-las-12.28.17_e80d17f7-1086x1536.jpg 1086w, https:\/\/pruebas.munielmonte.cl\/wp-content\/uploads\/2025\/11\/Imagen-de-WhatsApp-2025-11-21-a-las-12.28.17_e80d17f7.jpg 1131w\" sizes=\"(max-width: 724px) 100vw, 724px\" \/>\t\t\t\t\t\t\t\t<\/a>\n\t\t\t\t\t\t\t\t\t\t\t<figcaption class=\"widget-image-caption wp-caption-text\">6ta Edici\u00f3n Ser de El Monte Revista comunal<\/figcaption>\n\t\t\t\t\t\t\t\t\t\t<\/figure>\n\t\t\t\t\t\t\t\t\t<\/div>\n\t\t\t\t<\/div>\n\t\t\t\t\t<\/div>\n\t\t\t\t<\/div>\n\t\t\t\t<\/div>\n\t\t","protected":false},"excerpt":{"rendered":"<p>SER DE EL MONTE REVISTA COMUNAL 1era Edici\u00f3n Ser de El Monte Revista comunal 2da Edici\u00f3n Ser de El Monte Revista comunal 3a Edici\u00f3n Ser de El Monte Revista comunal 4ta Edici\u00f3n Ser de El Monte Revista comunal 5ta Edici\u00f3n Ser de El Monte Revista comunal 6ta Edici\u00f3n Ser de El Monte Revista comunal<\/p>\n","protected":false},"author":5,"featured_media":0,"parent":0,"menu_order":0,"comment_status":"closed","ping_status":"closed","template":"elementor_canvas","meta":{"footnotes":""},"class_list":["post-4025","page","type-page","status-publish","hentry"],"_links":{"self":[{"href":"https:\/\/pruebas.munielmonte.cl\/index.php?rest_route=\/wp\/v2\/pages\/4025","targetHints":{"allow":["GET"]}}],"collection":[{"href":"https:\/\/pruebas.munielmonte.cl\/index.php?rest_route=\/wp\/v2\/pages"}],"about":[{"href":"https:\/\/pruebas.munielmonte.cl\/index.php?rest_route=\/wp\/v2\/types\/page"}],"author":[{"embeddable":true,"href":"https:\/\/pruebas.munielmonte.cl\/index.php?rest_route=\/wp\/v2\/users\/5"}],"replies":[{"embeddable":true,"href":"https:\/\/pruebas.munielmonte.cl\/index.php?rest_route=%2Fwp%2Fv2%2Fcomments&post=4025"}],"version-history":[{"count":16,"href":"https:\/\/pruebas.munielmonte.cl\/index.php?rest_route=\/wp\/v2\/pages\/4025\/revisions"}],"predecessor-version":[{"id":5369,"href":"https:\/\/pruebas.munielmonte.cl\/index.php?rest_route=\/wp\/v2\/pages\/4025\/revisions\/5369"}],"wp:attachment":[{"href":"https:\/\/pruebas.munielmonte.cl\/index.php?rest_route=%2Fwp%2Fv2%2Fmedia&parent=4025"}],"curies":[{"name":"wp","href":"https:\/\/api.w.org\/{rel}","templated":true}]}}