{"id":3204,"date":"2025-10-01T18:16:19","date_gmt":"2025-10-01T18:16:19","guid":{"rendered":"https:\/\/pruebas.munielmonte.cl\/?page_id=3204"},"modified":"2025-11-24T13:10:54","modified_gmt":"2025-11-24T13:10:54","slug":"departamento-9","status":"publish","type":"page","link":"https:\/\/pruebas.munielmonte.cl\/?page_id=3204","title":{"rendered":"Departamento de Finanzas"},"content":{"rendered":"\t\t<div data-elementor-type=\"wp-page\" data-elementor-id=\"3204\" class=\"elementor elementor-3204\" data-elementor-post-type=\"page\">\n\t\t\t\t<div class=\"elementor-element elementor-element-ef2d72a e-flex e-con-boxed wpr-particle-no wpr-jarallax-no wpr-parallax-no wpr-sticky-section-no wpr-column-slider-no wpr-equal-height-no e-con e-parent\" data-id=\"ef2d72a\" data-element_type=\"container\" data-e-type=\"container\">\n\t\t\t\t\t<div class=\"e-con-inner\">\n\t\t\t\t<div class=\"elementor-element elementor-element-f6846ee elementor-widget elementor-widget-heading\" data-id=\"f6846ee\" data-element_type=\"widget\" data-e-type=\"widget\" data-widget_type=\"heading.default\">\n\t\t\t\t<div class=\"elementor-widget-container\">\n\t\t\t\t\t<h2 class=\"elementor-heading-title elementor-size-default\">DIRECCI\u00d3N DE FINANZAS\n<\/h2>\t\t\t\t<\/div>\n\t\t\t\t<\/div>\n\t\t<div class=\"elementor-element elementor-element-ef7843e e-con-full e-flex wpr-particle-no wpr-jarallax-no wpr-parallax-no wpr-sticky-section-no wpr-column-slider-no wpr-equal-height-no elementor-invisible e-con e-child\" data-id=\"ef7843e\" data-element_type=\"container\" data-e-type=\"container\" data-settings=\"{&quot;animation&quot;:&quot;fadeIn&quot;}\">\n\t\t<div class=\"elementor-element elementor-element-b748595 e-con-full e-flex wpr-particle-no wpr-jarallax-no wpr-parallax-no wpr-sticky-section-no wpr-column-slider-no wpr-equal-height-no e-con e-child\" data-id=\"b748595\" data-element_type=\"container\" data-e-type=\"container\">\n\t\t\t\t<div class=\"elementor-element elementor-element-c3b3f73 elementor-widget elementor-widget-text-editor\" data-id=\"c3b3f73\" data-element_type=\"widget\" data-e-type=\"widget\" data-widget_type=\"text-editor.default\">\n\t\t\t\t<div class=\"elementor-widget-container\">\n\t\t\t\t\t\t\t\t\t<p style=\"text-align: left;\"><span style=\"font-family: gothambook; font-size: 18px; color: #000000;\">Nombre: Juan Claudio Fuenzalida<\/span><\/p><p style=\"text-align: left;\"><span style=\"font-family: gothambook; font-size: 18px; color: #000000;\">Las funciones de una direcci\u00f3n de finanzas municipal incluyen la administraci\u00f3n financiera, presupuestaria y patrimonial de la municipalidad, como la elaboraci\u00f3n del presupuesto, la recaudaci\u00f3n de ingresos, el control de gastos, la gesti\u00f3n de tesorer\u00eda y patrimonio, y la asesor\u00eda a la alcald\u00eda. Tambi\u00e9n se encarga del apoyo t\u00e9cnico a otras \u00e1reas, la gesti\u00f3n de contrataciones, y la elaboraci\u00f3n de informes\u00a0financieros.<\/span><\/p>\t\t\t\t\t\t\t\t<\/div>\n\t\t\t\t<\/div>\n\t\t\t\t<\/div>\n\t\t<div class=\"elementor-element elementor-element-6bca9a3 e-con-full e-flex wpr-particle-no wpr-jarallax-no wpr-parallax-no wpr-sticky-section-no wpr-column-slider-no wpr-equal-height-no e-con e-child\" data-id=\"6bca9a3\" data-element_type=\"container\" data-e-type=\"container\">\n\t\t\t\t<div class=\"elementor-element elementor-element-a8f8ae0 elementor-widget elementor-widget-image\" data-id=\"a8f8ae0\" data-element_type=\"widget\" data-e-type=\"widget\" data-widget_type=\"image.default\">\n\t\t\t\t<div class=\"elementor-widget-container\">\n\t\t\t\t\t\t\t\t\t\t\t\t<figure class=\"wp-caption\">\n\t\t\t\t\t\t\t\t\t\t<img fetchpriority=\"high\" decoding=\"async\" width=\"2160\" height=\"2160\" src=\"https:\/\/pruebas.munielmonte.cl\/wp-content\/uploads\/2025\/11\/Diseno.png\" class=\"attachment-full size-full wp-image-4900\" alt=\"logo\" srcset=\"https:\/\/pruebas.munielmonte.cl\/wp-content\/uploads\/2025\/11\/Diseno.png 2160w, https:\/\/pruebas.munielmonte.cl\/wp-content\/uploads\/2025\/11\/Diseno-300x300.png 300w, https:\/\/pruebas.munielmonte.cl\/wp-content\/uploads\/2025\/11\/Diseno-1024x1024.png 1024w, https:\/\/pruebas.munielmonte.cl\/wp-content\/uploads\/2025\/11\/Diseno-150x150.png 150w, https:\/\/pruebas.munielmonte.cl\/wp-content\/uploads\/2025\/11\/Diseno-768x768.png 768w, https:\/\/pruebas.munielmonte.cl\/wp-content\/uploads\/2025\/11\/Diseno-1536x1536.png 1536w, https:\/\/pruebas.munielmonte.cl\/wp-content\/uploads\/2025\/11\/Diseno-2048x2048.png 2048w\" sizes=\"(max-width: 2160px) 100vw, 2160px\" \/>\t\t\t\t\t\t\t\t\t\t\t<figcaption class=\"widget-image-caption wp-caption-text\">Correo:finanzas@munielmonte.cl<\/figcaption>\n\t\t\t\t\t\t\t\t\t\t<\/figure>\n\t\t\t\t\t\t\t\t\t<\/div>\n\t\t\t\t<\/div>\n\t\t\t\t<\/div>\n\t\t\t\t<\/div>\n\t\t\t\t\t<\/div>\n\t\t\t\t<\/div>\n\t\t\t\t<\/div>\n\t\t","protected":false},"excerpt":{"rendered":"<p>DIRECCI\u00d3N DE FINANZAS Nombre: Juan Claudio Fuenzalida Las funciones de una direcci\u00f3n de finanzas municipal incluyen la administraci\u00f3n financiera, presupuestaria y patrimonial de la municipalidad, como la elaboraci\u00f3n del presupuesto, la recaudaci\u00f3n de ingresos, el control de gastos, la gesti\u00f3n de tesorer\u00eda y patrimonio, y la asesor\u00eda a la alcald\u00eda. Tambi\u00e9n se encarga del apoyo t\u00e9cnico a otras \u00e1reas, la gesti\u00f3n de contrataciones, y la elaboraci\u00f3n de informes\u00a0financieros. Correo:finanzas@munielmonte.cl<\/p>\n","protected":false},"author":5,"featured_media":0,"parent":0,"menu_order":0,"comment_status":"closed","ping_status":"closed","template":"elementor_canvas","meta":{"footnotes":""},"class_list":["post-3204","page","type-page","status-publish","hentry"],"_links":{"self":[{"href":"https:\/\/pruebas.munielmonte.cl\/index.php?rest_route=\/wp\/v2\/pages\/3204","targetHints":{"allow":["GET"]}}],"collection":[{"href":"https:\/\/pruebas.munielmonte.cl\/index.php?rest_route=\/wp\/v2\/pages"}],"about":[{"href":"https:\/\/pruebas.munielmonte.cl\/index.php?rest_route=\/wp\/v2\/types\/page"}],"author":[{"embeddable":true,"href":"https:\/\/pruebas.munielmonte.cl\/index.php?rest_route=\/wp\/v2\/users\/5"}],"replies":[{"embeddable":true,"href":"https:\/\/pruebas.munielmonte.cl\/index.php?rest_route=%2Fwp%2Fv2%2Fcomments&post=3204"}],"version-history":[{"count":16,"href":"https:\/\/pruebas.munielmonte.cl\/index.php?rest_route=\/wp\/v2\/pages\/3204\/revisions"}],"predecessor-version":[{"id":5348,"href":"https:\/\/pruebas.munielmonte.cl\/index.php?rest_route=\/wp\/v2\/pages\/3204\/revisions\/5348"}],"wp:attachment":[{"href":"https:\/\/pruebas.munielmonte.cl\/index.php?rest_route=%2Fwp%2Fv2%2Fmedia&parent=3204"}],"curies":[{"name":"wp","href":"https:\/\/api.w.org\/{rel}","templated":true}]}}