{"id":3200,"date":"2025-10-01T18:14:41","date_gmt":"2025-10-01T18:14:41","guid":{"rendered":"https:\/\/pruebas.munielmonte.cl\/?page_id=3200"},"modified":"2025-11-24T13:07:59","modified_gmt":"2025-11-24T13:07:59","slug":"departamento-5","status":"publish","type":"page","link":"https:\/\/pruebas.munielmonte.cl\/?page_id=3200","title":{"rendered":"Relaciones Publicas"},"content":{"rendered":"\t\t<div data-elementor-type=\"wp-page\" data-elementor-id=\"3200\" class=\"elementor elementor-3200\" data-elementor-post-type=\"page\">\n\t\t\t\t<div class=\"elementor-element elementor-element-6d60687 e-flex e-con-boxed wpr-particle-no wpr-jarallax-no wpr-parallax-no wpr-sticky-section-no wpr-column-slider-no wpr-equal-height-no e-con e-parent\" data-id=\"6d60687\" data-element_type=\"container\" data-e-type=\"container\">\n\t\t\t\t\t<div class=\"e-con-inner\">\n\t\t\t\t<div class=\"elementor-element elementor-element-84cf830 elementor-widget elementor-widget-heading\" data-id=\"84cf830\" data-element_type=\"widget\" data-e-type=\"widget\" data-widget_type=\"heading.default\">\n\t\t\t\t<div class=\"elementor-widget-container\">\n\t\t\t\t\t<h2 class=\"elementor-heading-title elementor-size-default\">OFICINA DE RELACIONES P\u00daBLICAS, COMUNICACIONES Y CULTURA\n<\/h2>\t\t\t\t<\/div>\n\t\t\t\t<\/div>\n\t\t<div class=\"elementor-element elementor-element-c4153e5 e-con-full e-flex wpr-particle-no wpr-jarallax-no wpr-parallax-no wpr-sticky-section-no wpr-column-slider-no wpr-equal-height-no elementor-invisible e-con e-child\" data-id=\"c4153e5\" data-element_type=\"container\" data-e-type=\"container\" data-settings=\"{&quot;animation&quot;:&quot;fadeIn&quot;}\">\n\t\t<div class=\"elementor-element elementor-element-b35a15e e-con-full e-flex wpr-particle-no wpr-jarallax-no wpr-parallax-no wpr-sticky-section-no wpr-column-slider-no wpr-equal-height-no e-con e-child\" data-id=\"b35a15e\" data-element_type=\"container\" data-e-type=\"container\">\n\t\t\t\t<div class=\"elementor-element elementor-element-49b1767 elementor-widget elementor-widget-text-editor\" data-id=\"49b1767\" data-element_type=\"widget\" data-e-type=\"widget\" data-widget_type=\"text-editor.default\">\n\t\t\t\t<div class=\"elementor-widget-container\">\n\t\t\t\t\t\t\t\t\t<p style=\"text-align: left;\"><span style=\"font-family: gothambook; font-size: 18px; color: #000000;\">Nombre: Luis Casanova<\/span><\/p><p style=\"text-align: left;\"><span style=\"font-family: gothambook; color: #000000;\">Las oficinas de relaciones p\u00fablicas y comunicaciones municipales gestionan la imagen institucional, asesoran a las autoridades, y act\u00faan como enlace entre la municipalidad y la ciudadan\u00eda y los medios. Sus funciones principales incluyen la organizaci\u00f3n de eventos, la creaci\u00f3n de estrategias de comunicaci\u00f3n, la gesti\u00f3n de prensa y la administraci\u00f3n de la comunicaci\u00f3n interna\u00a0y\u00a0externa.<\/span><\/p>\t\t\t\t\t\t\t\t<\/div>\n\t\t\t\t<\/div>\n\t\t\t\t<\/div>\n\t\t<div class=\"elementor-element elementor-element-11c5e1d e-con-full e-flex wpr-particle-no wpr-jarallax-no wpr-parallax-no wpr-sticky-section-no wpr-column-slider-no wpr-equal-height-no e-con e-child\" data-id=\"11c5e1d\" data-element_type=\"container\" data-e-type=\"container\">\n\t\t\t\t<div class=\"elementor-element elementor-element-8ead3ba elementor-widget elementor-widget-image\" data-id=\"8ead3ba\" data-element_type=\"widget\" data-e-type=\"widget\" data-widget_type=\"image.default\">\n\t\t\t\t<div class=\"elementor-widget-container\">\n\t\t\t\t\t\t\t\t\t\t\t\t<figure class=\"wp-caption\">\n\t\t\t\t\t\t\t\t\t\t<img fetchpriority=\"high\" decoding=\"async\" width=\"2160\" height=\"2160\" src=\"https:\/\/pruebas.munielmonte.cl\/wp-content\/uploads\/2025\/11\/Diseno.png\" class=\"attachment-full size-full wp-image-4900\" alt=\"logo\" srcset=\"https:\/\/pruebas.munielmonte.cl\/wp-content\/uploads\/2025\/11\/Diseno.png 2160w, https:\/\/pruebas.munielmonte.cl\/wp-content\/uploads\/2025\/11\/Diseno-300x300.png 300w, https:\/\/pruebas.munielmonte.cl\/wp-content\/uploads\/2025\/11\/Diseno-1024x1024.png 1024w, https:\/\/pruebas.munielmonte.cl\/wp-content\/uploads\/2025\/11\/Diseno-150x150.png 150w, https:\/\/pruebas.munielmonte.cl\/wp-content\/uploads\/2025\/11\/Diseno-768x768.png 768w, https:\/\/pruebas.munielmonte.cl\/wp-content\/uploads\/2025\/11\/Diseno-1536x1536.png 1536w, https:\/\/pruebas.munielmonte.cl\/wp-content\/uploads\/2025\/11\/Diseno-2048x2048.png 2048w\" sizes=\"(max-width: 2160px) 100vw, 2160px\" \/>\t\t\t\t\t\t\t\t\t\t\t<figcaption class=\"widget-image-caption wp-caption-text\">Correo:rrpp@munielmonte.cl<\/figcaption>\n\t\t\t\t\t\t\t\t\t\t<\/figure>\n\t\t\t\t\t\t\t\t\t<\/div>\n\t\t\t\t<\/div>\n\t\t\t\t<\/div>\n\t\t\t\t<\/div>\n\t\t\t\t\t<\/div>\n\t\t\t\t<\/div>\n\t\t\t\t<\/div>\n\t\t","protected":false},"excerpt":{"rendered":"<p>OFICINA DE RELACIONES P\u00daBLICAS, COMUNICACIONES Y CULTURA Nombre: Luis Casanova Las oficinas de relaciones p\u00fablicas y comunicaciones municipales gestionan la imagen institucional, asesoran a las autoridades, y act\u00faan como enlace entre la municipalidad y la ciudadan\u00eda y los medios. Sus funciones principales incluyen la organizaci\u00f3n de eventos, la creaci\u00f3n de estrategias de comunicaci\u00f3n, la gesti\u00f3n de prensa y la administraci\u00f3n de la comunicaci\u00f3n interna\u00a0y\u00a0externa. Correo:rrpp@munielmonte.cl<\/p>\n","protected":false},"author":5,"featured_media":0,"parent":0,"menu_order":0,"comment_status":"closed","ping_status":"closed","template":"elementor_canvas","meta":{"footnotes":""},"class_list":["post-3200","page","type-page","status-publish","hentry"],"_links":{"self":[{"href":"https:\/\/pruebas.munielmonte.cl\/index.php?rest_route=\/wp\/v2\/pages\/3200","targetHints":{"allow":["GET"]}}],"collection":[{"href":"https:\/\/pruebas.munielmonte.cl\/index.php?rest_route=\/wp\/v2\/pages"}],"about":[{"href":"https:\/\/pruebas.munielmonte.cl\/index.php?rest_route=\/wp\/v2\/types\/page"}],"author":[{"embeddable":true,"href":"https:\/\/pruebas.munielmonte.cl\/index.php?rest_route=\/wp\/v2\/users\/5"}],"replies":[{"embeddable":true,"href":"https:\/\/pruebas.munielmonte.cl\/index.php?rest_route=%2Fwp%2Fv2%2Fcomments&post=3200"}],"version-history":[{"count":31,"href":"https:\/\/pruebas.munielmonte.cl\/index.php?rest_route=\/wp\/v2\/pages\/3200\/revisions"}],"predecessor-version":[{"id":5344,"href":"https:\/\/pruebas.munielmonte.cl\/index.php?rest_route=\/wp\/v2\/pages\/3200\/revisions\/5344"}],"wp:attachment":[{"href":"https:\/\/pruebas.munielmonte.cl\/index.php?rest_route=%2Fwp%2Fv2%2Fmedia&parent=3200"}],"curies":[{"name":"wp","href":"https:\/\/api.w.org\/{rel}","templated":true}]}}