{"id":3197,"date":"2025-10-01T18:13:47","date_gmt":"2025-10-01T18:13:47","guid":{"rendered":"https:\/\/pruebas.munielmonte.cl\/?page_id=3197"},"modified":"2026-01-09T18:53:36","modified_gmt":"2026-01-09T18:53:36","slug":"departamento-2","status":"publish","type":"page","link":"https:\/\/pruebas.munielmonte.cl\/?page_id=3197","title":{"rendered":"Secretar\u00eda Municipal"},"content":{"rendered":"\t\t<div data-elementor-type=\"wp-page\" data-elementor-id=\"3197\" class=\"elementor elementor-3197\" data-elementor-post-type=\"page\">\n\t\t\t\t<div class=\"elementor-element elementor-element-e563ebe e-flex e-con-boxed wpr-particle-no wpr-jarallax-no wpr-parallax-no wpr-sticky-section-no wpr-column-slider-no wpr-equal-height-no e-con e-parent\" data-id=\"e563ebe\" data-element_type=\"container\" data-e-type=\"container\">\n\t\t\t\t\t<div class=\"e-con-inner\">\n\t\t\t\t<div class=\"elementor-element elementor-element-f75f134 elementor-widget elementor-widget-heading\" data-id=\"f75f134\" data-element_type=\"widget\" data-e-type=\"widget\" data-widget_type=\"heading.default\">\n\t\t\t\t<div class=\"elementor-widget-container\">\n\t\t\t\t\t<h2 class=\"elementor-heading-title elementor-size-default\">SECRETARIA MUNICIPAL<\/h2>\t\t\t\t<\/div>\n\t\t\t\t<\/div>\n\t\t<div class=\"elementor-element elementor-element-c8bd4db e-con-full e-flex wpr-particle-no wpr-jarallax-no wpr-parallax-no wpr-sticky-section-no wpr-column-slider-no wpr-equal-height-no elementor-invisible e-con e-child\" data-id=\"c8bd4db\" data-element_type=\"container\" data-e-type=\"container\" data-settings=\"{&quot;animation&quot;:&quot;fadeIn&quot;}\">\n\t\t<div class=\"elementor-element elementor-element-f2f2b39 e-con-full e-flex wpr-particle-no wpr-jarallax-no wpr-parallax-no wpr-sticky-section-no wpr-column-slider-no wpr-equal-height-no e-con e-child\" data-id=\"f2f2b39\" data-element_type=\"container\" data-e-type=\"container\">\n\t\t\t\t<div class=\"elementor-element elementor-element-5a2a36c elementor-widget elementor-widget-text-editor\" data-id=\"5a2a36c\" data-element_type=\"widget\" data-e-type=\"widget\" data-widget_type=\"text-editor.default\">\n\t\t\t\t<div class=\"elementor-widget-container\">\n\t\t\t\t\t\t\t\t\t<p style=\"text-align: left;\"><strong><span style=\"font-family: gotham-rounded-book; font-size: 18px; color: #000000;\">Max Herrera Fuentes<\/span><\/strong><\/p><p><span style=\"font-family: gotham-rounded-book;\"><strong>SECRETARIO MUNICIPAL<\/strong><\/span><\/p><p style=\"text-align: left;\"><span style=\"font-family: gotham-rounded-book; font-size: 18px; color: #000000;\">Las funciones de la Secretar\u00eda Municipal incluyen el apoyo administrativo a la Alcald\u00eda y al Concejo, la elaboraci\u00f3n de actas de las sesiones del Concejo, la gesti\u00f3n de la documentaci\u00f3n oficial, y la certificaci\u00f3n de ciertos actos y resoluciones municipales. Aunque no se detalla expl\u00edcitamente un rol de secretario(a) municipal para El Monte, se infiere que sus responsabilidades se alinear\u00edan con las funciones generales de un secretario municipal, las cuales incluyen el apoyo a la gesti\u00f3n administrativa, la custodia de archivos y la formalizaci\u00f3n de los actos de gobierno.<\/span><\/p><p><strong><span style=\"font-family: gotham-rounded-book;\">CORREO: MHERRERA@MUNIELMONTE.CL<\/span><\/strong><\/p>\t\t\t\t\t\t\t\t<\/div>\n\t\t\t\t<\/div>\n\t\t\t\t<\/div>\n\t\t<div class=\"elementor-element elementor-element-fe5db8a e-con-full e-flex wpr-particle-no wpr-jarallax-no wpr-parallax-no wpr-sticky-section-no wpr-column-slider-no wpr-equal-height-no e-con e-child\" data-id=\"fe5db8a\" data-element_type=\"container\" data-e-type=\"container\">\n\t\t\t\t<div class=\"elementor-element elementor-element-11ac4d6 elementor-widget elementor-widget-image\" data-id=\"11ac4d6\" data-element_type=\"widget\" data-e-type=\"widget\" data-widget_type=\"image.default\">\n\t\t\t\t<div class=\"elementor-widget-container\">\n\t\t\t\t\t\t\t\t\t\t\t\t\t\t\t<img fetchpriority=\"high\" decoding=\"async\" width=\"2160\" height=\"2160\" src=\"https:\/\/pruebas.munielmonte.cl\/wp-content\/uploads\/2025\/11\/Diseno.png\" class=\"attachment-full size-full wp-image-4900\" alt=\"logo\" srcset=\"https:\/\/pruebas.munielmonte.cl\/wp-content\/uploads\/2025\/11\/Diseno.png 2160w, https:\/\/pruebas.munielmonte.cl\/wp-content\/uploads\/2025\/11\/Diseno-300x300.png 300w, https:\/\/pruebas.munielmonte.cl\/wp-content\/uploads\/2025\/11\/Diseno-1024x1024.png 1024w, https:\/\/pruebas.munielmonte.cl\/wp-content\/uploads\/2025\/11\/Diseno-150x150.png 150w, https:\/\/pruebas.munielmonte.cl\/wp-content\/uploads\/2025\/11\/Diseno-768x768.png 768w, https:\/\/pruebas.munielmonte.cl\/wp-content\/uploads\/2025\/11\/Diseno-1536x1536.png 1536w, https:\/\/pruebas.munielmonte.cl\/wp-content\/uploads\/2025\/11\/Diseno-2048x2048.png 2048w\" sizes=\"(max-width: 2160px) 100vw, 2160px\" \/>\t\t\t\t\t\t\t\t\t\t\t\t\t\t\t<\/div>\n\t\t\t\t<\/div>\n\t\t\t\t<\/div>\n\t\t\t\t<\/div>\n\t\t\t\t\t<\/div>\n\t\t\t\t<\/div>\n\t\t\t\t<\/div>\n\t\t","protected":false},"excerpt":{"rendered":"<p>SECRETARIA MUNICIPAL Max Herrera Fuentes SECRETARIO MUNICIPAL Las funciones de la Secretar\u00eda Municipal incluyen el apoyo administrativo a la Alcald\u00eda y al Concejo, la elaboraci\u00f3n de actas de las sesiones del Concejo, la gesti\u00f3n de la documentaci\u00f3n oficial, y la certificaci\u00f3n de ciertos actos y resoluciones municipales. Aunque no se detalla expl\u00edcitamente un rol de secretario(a) municipal para El Monte, se infiere que sus responsabilidades se alinear\u00edan con las funciones generales de un secretario municipal, las cuales incluyen el apoyo a la gesti\u00f3n administrativa, la custodia de archivos y la formalizaci\u00f3n de los actos de gobierno. CORREO: MHERRERA@MUNIELMONTE.CL<\/p>\n","protected":false},"author":5,"featured_media":0,"parent":0,"menu_order":0,"comment_status":"closed","ping_status":"closed","template":"elementor_canvas","meta":{"footnotes":""},"class_list":["post-3197","page","type-page","status-publish","hentry"],"_links":{"self":[{"href":"https:\/\/pruebas.munielmonte.cl\/index.php?rest_route=\/wp\/v2\/pages\/3197","targetHints":{"allow":["GET"]}}],"collection":[{"href":"https:\/\/pruebas.munielmonte.cl\/index.php?rest_route=\/wp\/v2\/pages"}],"about":[{"href":"https:\/\/pruebas.munielmonte.cl\/index.php?rest_route=\/wp\/v2\/types\/page"}],"author":[{"embeddable":true,"href":"https:\/\/pruebas.munielmonte.cl\/index.php?rest_route=\/wp\/v2\/users\/5"}],"replies":[{"embeddable":true,"href":"https:\/\/pruebas.munielmonte.cl\/index.php?rest_route=%2Fwp%2Fv2%2Fcomments&post=3197"}],"version-history":[{"count":16,"href":"https:\/\/pruebas.munielmonte.cl\/index.php?rest_route=\/wp\/v2\/pages\/3197\/revisions"}],"predecessor-version":[{"id":5407,"href":"https:\/\/pruebas.munielmonte.cl\/index.php?rest_route=\/wp\/v2\/pages\/3197\/revisions\/5407"}],"wp:attachment":[{"href":"https:\/\/pruebas.munielmonte.cl\/index.php?rest_route=%2Fwp%2Fv2%2Fmedia&parent=3197"}],"curies":[{"name":"wp","href":"https:\/\/api.w.org\/{rel}","templated":true}]}}