{"id":3170,"date":"2025-10-01T18:01:13","date_gmt":"2025-10-01T18:01:13","guid":{"rendered":"https:\/\/pruebas.munielmonte.cl\/?page_id=3170"},"modified":"2026-01-09T17:59:15","modified_gmt":"2026-01-09T17:59:15","slug":"alcaldesa","status":"publish","type":"page","link":"https:\/\/pruebas.munielmonte.cl\/?page_id=3170","title":{"rendered":"Alcaldesa"},"content":{"rendered":"\t\t<div data-elementor-type=\"wp-page\" data-elementor-id=\"3170\" class=\"elementor elementor-3170\" data-elementor-post-type=\"page\">\n\t\t\t\t<div class=\"elementor-element elementor-element-d8610da e-flex e-con-boxed wpr-particle-no wpr-jarallax-no wpr-parallax-no wpr-sticky-section-no wpr-column-slider-no wpr-equal-height-no elementor-invisible e-con e-parent\" data-id=\"d8610da\" data-element_type=\"container\" data-e-type=\"container\" data-settings=\"{&quot;animation&quot;:&quot;fadeIn&quot;}\">\n\t\t\t\t\t<div class=\"e-con-inner\">\n\t\t\t\t<div class=\"elementor-element elementor-element-343ea24 elementor-widget elementor-widget-heading\" data-id=\"343ea24\" data-element_type=\"widget\" data-e-type=\"widget\" data-widget_type=\"heading.default\">\n\t\t\t\t<div class=\"elementor-widget-container\">\n\t\t\t\t\t<h3 class=\"elementor-heading-title elementor-size-default\">ALCALDESA DE EL MONTE<\/h3>\t\t\t\t<\/div>\n\t\t\t\t<\/div>\n\t\t\t\t<div class=\"elementor-element elementor-element-744fe55 elementor-widget-divider--view-line elementor-widget elementor-widget-divider\" data-id=\"744fe55\" data-element_type=\"widget\" data-e-type=\"widget\" data-widget_type=\"divider.default\">\n\t\t\t\t<div class=\"elementor-widget-container\">\n\t\t\t\t\t\t\t<div class=\"elementor-divider\">\n\t\t\t<span class=\"elementor-divider-separator\">\n\t\t\t\t\t\t<\/span>\n\t\t<\/div>\n\t\t\t\t\t\t<\/div>\n\t\t\t\t<\/div>\n\t\t<div class=\"elementor-element elementor-element-14d6b66 e-grid e-con-full wpr-particle-no wpr-jarallax-no wpr-parallax-no wpr-sticky-section-no wpr-column-slider-no wpr-equal-height-no e-con e-child\" data-id=\"14d6b66\" data-element_type=\"container\" data-e-type=\"container\">\n\t\t\t\t<div class=\"elementor-element elementor-element-0069ccf elementor-widget elementor-widget-image\" data-id=\"0069ccf\" data-element_type=\"widget\" data-e-type=\"widget\" data-widget_type=\"image.default\">\n\t\t\t\t<div class=\"elementor-widget-container\">\n\t\t\t\t\t\t\t\t\t\t\t\t<figure class=\"wp-caption\">\n\t\t\t\t\t\t\t\t\t\t<img fetchpriority=\"high\" decoding=\"async\" width=\"311\" height=\"466\" src=\"https:\/\/pruebas.munielmonte.cl\/wp-content\/uploads\/2024\/01\/Alcaldesa-Zandra-Maulen-Jofre.png\" class=\"attachment-large size-large wp-image-2408\" alt=\"Alcaldesa Zandra Maul\u00e9n J\u00f3fre\" srcset=\"https:\/\/pruebas.munielmonte.cl\/wp-content\/uploads\/2024\/01\/Alcaldesa-Zandra-Maulen-Jofre.png 311w, https:\/\/pruebas.munielmonte.cl\/wp-content\/uploads\/2024\/01\/Alcaldesa-Zandra-Maulen-Jofre-200x300.png 200w\" sizes=\"(max-width: 311px) 100vw, 311px\" \/>\t\t\t\t\t\t\t\t\t\t\t<figcaption class=\"widget-image-caption wp-caption-text\">alcaldesa@munielmonte.cl <\/figcaption>\n\t\t\t\t\t\t\t\t\t\t<\/figure>\n\t\t\t\t\t\t\t\t\t<\/div>\n\t\t\t\t<\/div>\n\t\t\t\t<div class=\"elementor-element elementor-element-02471b0 elementor-widget elementor-widget-text-editor\" data-id=\"02471b0\" data-element_type=\"widget\" data-e-type=\"widget\" data-widget_type=\"text-editor.default\">\n\t\t\t\t<div class=\"elementor-widget-container\">\n\t\t\t\t\t\t\t\t\t<p><span style=\"font-family: gothambook; color: #000000;\">Zandra Sof\u00eda Maul\u00e9n Jofr\u00e9, naci\u00f3 y fue criada en la comuna de El Monte. Estudi\u00f3 en la escuela Emelina Urrutia y en el Colegio Sagrado Coraz\u00f3n. Estudi\u00f3 Medicina Veterinaria en la Universidad Austral de Chile, gradu\u00e1ndose en 2003. Continu\u00f3 sus estudios de M\u00e1ster y Doctorado en Espa\u00f1a.<\/span><\/p><p><span style=\"font-family: gothambook; color: #000000;\">En el \u00e1mbito laboral, fue docente en la Universidad del Pac\u00edfico, sede Melipilla, y en la Universidad San Sebasti\u00e1n, sede Puerto Montt.<\/span><\/p><p><span style=\"font-family: gothambook; color: #000000;\">Adem\u00e1s, trabaj\u00f3 en el ejercicio libre de la profesi\u00f3n, tanto a domicilio como en consulta.<\/span><\/p><p><span style=\"font-family: gothambook; color: #000000;\">Fund\u00f3 el Centro de Conservaci\u00f3n de la Biodiversidad \u00abChilo\u00e9-Silvestre\u00bb en Ancud y fue Directora del Refugio de Fauna de Urdaibai \u00abBasondo\u00bb en Vizcaya, Espa\u00f1a.<\/span><\/p><p><span style=\"font-family: gothambook; color: #000000;\">Se postul\u00f3 como candidata a concejal por El Monte en 2021, siendo electa con una de las primeras mayor\u00edas. En julio de 2022, asumi\u00f3 la alcald\u00eda de El Monte, cargo que<\/span><br \/><span style=\"font-family: gothambook; color: #000000;\">ejerce actualmente luego de ganar las elecciones de alcalde en octubre\u00a0de\u00a02024.<\/span><\/p>\t\t\t\t\t\t\t\t<\/div>\n\t\t\t\t<\/div>\n\t\t\t\t<\/div>\n\t\t\t\t\t<\/div>\n\t\t\t\t<\/div>\n\t\t<div class=\"elementor-element elementor-element-d73268b e-flex e-con-boxed wpr-particle-no wpr-jarallax-no wpr-parallax-no wpr-sticky-section-no wpr-column-slider-no wpr-equal-height-no elementor-invisible e-con e-parent\" data-id=\"d73268b\" data-element_type=\"container\" data-e-type=\"container\" data-settings=\"{&quot;animation&quot;:&quot;fadeIn&quot;}\">\n\t\t\t\t\t<div class=\"e-con-inner\">\n\t\t<div class=\"elementor-element elementor-element-ba5a248 e-grid e-con-full wpr-particle-no wpr-jarallax-no wpr-parallax-no wpr-sticky-section-no wpr-column-slider-no wpr-equal-height-no e-con e-child\" data-id=\"ba5a248\" data-element_type=\"container\" data-e-type=\"container\">\n\t\t\t\t<div class=\"elementor-element elementor-element-4f0908a elementor-widget elementor-widget-image\" data-id=\"4f0908a\" data-element_type=\"widget\" data-e-type=\"widget\" data-widget_type=\"image.default\">\n\t\t\t\t<div class=\"elementor-widget-container\">\n\t\t\t\t\t\t\t\t\t\t\t\t\t\t\t\t<a href=\"https:\/\/pruebas.munielmonte.cl\/wp-content\/uploads\/2025\/10\/20251017_120512-scaled.jpg\" data-elementor-open-lightbox=\"yes\" data-elementor-lightbox-title=\"20251017_120512\" data-e-action-hash=\"#elementor-action%3Aaction%3Dlightbox%26settings%3DeyJpZCI6NDU2MSwidXJsIjoiaHR0cHM6XC9cL3BydWViYXMubXVuaWVsbW9udGUuY2xcL3dwLWNvbnRlbnRcL3VwbG9hZHNcLzIwMjVcLzEwXC8yMDI1MTAxN18xMjA1MTItc2NhbGVkLmpwZyJ9\">\n\t\t\t\t\t\t\t<img decoding=\"async\" src=\"https:\/\/pruebas.munielmonte.cl\/wp-content\/uploads\/2025\/10\/20251017_120512-scaled.jpg\" title=\"20251017_120512\" alt=\"20251017_120512\" loading=\"lazy\" \/>\t\t\t\t\t\t\t\t<\/a>\n\t\t\t\t\t\t\t\t\t\t\t\t\t\t\t<\/div>\n\t\t\t\t<\/div>\n\t\t\t\t<div class=\"elementor-element elementor-element-b2ea5ba elementor-widget elementor-widget-image\" data-id=\"b2ea5ba\" data-element_type=\"widget\" data-e-type=\"widget\" data-widget_type=\"image.default\">\n\t\t\t\t<div class=\"elementor-widget-container\">\n\t\t\t\t\t\t\t\t\t\t\t\t\t\t\t\t<a href=\"https:\/\/pruebas.munielmonte.cl\/wp-content\/uploads\/2025\/10\/20251025_122225-scaled.jpg\" data-elementor-open-lightbox=\"yes\" data-elementor-lightbox-title=\"20251025_122225\" data-e-action-hash=\"#elementor-action%3Aaction%3Dlightbox%26settings%3DeyJpZCI6NDU2MiwidXJsIjoiaHR0cHM6XC9cL3BydWViYXMubXVuaWVsbW9udGUuY2xcL3dwLWNvbnRlbnRcL3VwbG9hZHNcLzIwMjVcLzEwXC8yMDI1MTAyNV8xMjIyMjUtc2NhbGVkLmpwZyJ9\">\n\t\t\t\t\t\t\t<img decoding=\"async\" width=\"800\" height=\"451\" src=\"https:\/\/pruebas.munielmonte.cl\/wp-content\/uploads\/2025\/10\/20251025_122225-1024x577.jpg\" class=\"attachment-large size-large wp-image-4562\" alt=\"\" srcset=\"https:\/\/pruebas.munielmonte.cl\/wp-content\/uploads\/2025\/10\/20251025_122225-1024x577.jpg 1024w, https:\/\/pruebas.munielmonte.cl\/wp-content\/uploads\/2025\/10\/20251025_122225-300x169.jpg 300w, https:\/\/pruebas.munielmonte.cl\/wp-content\/uploads\/2025\/10\/20251025_122225-768x432.jpg 768w, https:\/\/pruebas.munielmonte.cl\/wp-content\/uploads\/2025\/10\/20251025_122225-1536x865.jpg 1536w, https:\/\/pruebas.munielmonte.cl\/wp-content\/uploads\/2025\/10\/20251025_122225-2048x1153.jpg 2048w\" sizes=\"(max-width: 800px) 100vw, 800px\" \/>\t\t\t\t\t\t\t\t<\/a>\n\t\t\t\t\t\t\t\t\t\t\t\t\t\t\t<\/div>\n\t\t\t\t<\/div>\n\t\t\t\t<div class=\"elementor-element elementor-element-8d147e7 elementor-widget elementor-widget-image\" data-id=\"8d147e7\" data-element_type=\"widget\" data-e-type=\"widget\" data-widget_type=\"image.default\">\n\t\t\t\t<div class=\"elementor-widget-container\">\n\t\t\t\t\t\t\t\t\t\t\t\t\t\t\t\t<a href=\"https:\/\/pruebas.munielmonte.cl\/wp-content\/uploads\/2025\/10\/Imagen-de-WhatsApp-2025-10-29-a-las-16.29.15_24c0af63.jpg\" data-elementor-open-lightbox=\"yes\" data-elementor-lightbox-title=\"Imagen de WhatsApp 2025-10-29 a las 16.29.15_24c0af63\" data-e-action-hash=\"#elementor-action%3Aaction%3Dlightbox%26settings%3DeyJpZCI6NDU2OCwidXJsIjoiaHR0cHM6XC9cL3BydWViYXMubXVuaWVsbW9udGUuY2xcL3dwLWNvbnRlbnRcL3VwbG9hZHNcLzIwMjVcLzEwXC9JbWFnZW4tZGUtV2hhdHNBcHAtMjAyNS0xMC0yOS1hLWxhcy0xNi4yOS4xNV8yNGMwYWY2My5qcGcifQ%3D%3D\">\n\t\t\t\t\t\t\t<img decoding=\"async\" width=\"800\" height=\"450\" src=\"https:\/\/pruebas.munielmonte.cl\/wp-content\/uploads\/2025\/10\/Imagen-de-WhatsApp-2025-10-29-a-las-16.29.15_24c0af63-1024x576.jpg\" class=\"attachment-large size-large wp-image-4568\" alt=\"\" srcset=\"https:\/\/pruebas.munielmonte.cl\/wp-content\/uploads\/2025\/10\/Imagen-de-WhatsApp-2025-10-29-a-las-16.29.15_24c0af63-1024x576.jpg 1024w, https:\/\/pruebas.munielmonte.cl\/wp-content\/uploads\/2025\/10\/Imagen-de-WhatsApp-2025-10-29-a-las-16.29.15_24c0af63-300x169.jpg 300w, https:\/\/pruebas.munielmonte.cl\/wp-content\/uploads\/2025\/10\/Imagen-de-WhatsApp-2025-10-29-a-las-16.29.15_24c0af63-768x432.jpg 768w, https:\/\/pruebas.munielmonte.cl\/wp-content\/uploads\/2025\/10\/Imagen-de-WhatsApp-2025-10-29-a-las-16.29.15_24c0af63.jpg 1280w\" sizes=\"(max-width: 800px) 100vw, 800px\" \/>\t\t\t\t\t\t\t\t<\/a>\n\t\t\t\t\t\t\t\t\t\t\t\t\t\t\t<\/div>\n\t\t\t\t<\/div>\n\t\t\t\t<div class=\"elementor-element elementor-element-11e5087 elementor-widget elementor-widget-image\" data-id=\"11e5087\" data-element_type=\"widget\" data-e-type=\"widget\" data-widget_type=\"image.default\">\n\t\t\t\t<div class=\"elementor-widget-container\">\n\t\t\t\t\t\t\t\t\t\t\t\t\t\t\t\t<a href=\"https:\/\/pruebas.munielmonte.cl\/wp-content\/uploads\/2025\/11\/Imagen-de-WhatsApp-2025-11-03-a-las-13.05.03_fde2480f.jpg\" data-elementor-open-lightbox=\"yes\" data-elementor-lightbox-title=\"Imagen de WhatsApp 2025-11-03 a las 13.05.03_fde2480f\" data-e-action-hash=\"#elementor-action%3Aaction%3Dlightbox%26settings%3DeyJpZCI6NDgzMSwidXJsIjoiaHR0cHM6XC9cL3BydWViYXMubXVuaWVsbW9udGUuY2xcL3dwLWNvbnRlbnRcL3VwbG9hZHNcLzIwMjVcLzExXC9JbWFnZW4tZGUtV2hhdHNBcHAtMjAyNS0xMS0wMy1hLWxhcy0xMy4wNS4wM19mZGUyNDgwZi5qcGcifQ%3D%3D\">\n\t\t\t\t\t\t\t<img loading=\"lazy\" decoding=\"async\" width=\"2560\" height=\"1439\" src=\"https:\/\/pruebas.munielmonte.cl\/wp-content\/uploads\/2025\/11\/Imagen-de-WhatsApp-2025-11-03-a-las-13.05.03_fde2480f.jpg\" class=\"attachment-full size-full wp-image-4831\" alt=\"\" srcset=\"https:\/\/pruebas.munielmonte.cl\/wp-content\/uploads\/2025\/11\/Imagen-de-WhatsApp-2025-11-03-a-las-13.05.03_fde2480f.jpg 2560w, https:\/\/pruebas.munielmonte.cl\/wp-content\/uploads\/2025\/11\/Imagen-de-WhatsApp-2025-11-03-a-las-13.05.03_fde2480f-300x169.jpg 300w, https:\/\/pruebas.munielmonte.cl\/wp-content\/uploads\/2025\/11\/Imagen-de-WhatsApp-2025-11-03-a-las-13.05.03_fde2480f-1024x576.jpg 1024w, https:\/\/pruebas.munielmonte.cl\/wp-content\/uploads\/2025\/11\/Imagen-de-WhatsApp-2025-11-03-a-las-13.05.03_fde2480f-768x432.jpg 768w, https:\/\/pruebas.munielmonte.cl\/wp-content\/uploads\/2025\/11\/Imagen-de-WhatsApp-2025-11-03-a-las-13.05.03_fde2480f-1536x863.jpg 1536w, https:\/\/pruebas.munielmonte.cl\/wp-content\/uploads\/2025\/11\/Imagen-de-WhatsApp-2025-11-03-a-las-13.05.03_fde2480f-2048x1151.jpg 2048w\" sizes=\"(max-width: 2560px) 100vw, 2560px\" \/>\t\t\t\t\t\t\t\t<\/a>\n\t\t\t\t\t\t\t\t\t\t\t\t\t\t\t<\/div>\n\t\t\t\t<\/div>\n\t\t\t\t<div class=\"elementor-element elementor-element-3a94969 elementor-widget elementor-widget-image\" data-id=\"3a94969\" data-element_type=\"widget\" data-e-type=\"widget\" data-widget_type=\"image.default\">\n\t\t\t\t<div class=\"elementor-widget-container\">\n\t\t\t\t\t\t\t\t\t\t\t\t\t\t\t\t<a href=\"https:\/\/pruebas.munielmonte.cl\/wp-content\/uploads\/2025\/11\/Imagen-de-WhatsApp-2025-11-03-a-las-13.05.03_94c8fd1e.jpg\" data-elementor-open-lightbox=\"yes\" data-elementor-lightbox-title=\"Imagen de WhatsApp 2025-11-03 a las 13.05.03_94c8fd1e\" data-e-action-hash=\"#elementor-action%3Aaction%3Dlightbox%26settings%3DeyJpZCI6NDgzMCwidXJsIjoiaHR0cHM6XC9cL3BydWViYXMubXVuaWVsbW9udGUuY2xcL3dwLWNvbnRlbnRcL3VwbG9hZHNcLzIwMjVcLzExXC9JbWFnZW4tZGUtV2hhdHNBcHAtMjAyNS0xMS0wMy1hLWxhcy0xMy4wNS4wM185NGM4ZmQxZS5qcGcifQ%3D%3D\">\n\t\t\t\t\t\t\t<img loading=\"lazy\" decoding=\"async\" width=\"800\" height=\"450\" src=\"https:\/\/pruebas.munielmonte.cl\/wp-content\/uploads\/2025\/11\/Imagen-de-WhatsApp-2025-11-03-a-las-13.05.03_94c8fd1e-1024x576.jpg\" class=\"attachment-large size-large wp-image-4830\" alt=\"\" srcset=\"https:\/\/pruebas.munielmonte.cl\/wp-content\/uploads\/2025\/11\/Imagen-de-WhatsApp-2025-11-03-a-las-13.05.03_94c8fd1e-1024x576.jpg 1024w, https:\/\/pruebas.munielmonte.cl\/wp-content\/uploads\/2025\/11\/Imagen-de-WhatsApp-2025-11-03-a-las-13.05.03_94c8fd1e-300x169.jpg 300w, https:\/\/pruebas.munielmonte.cl\/wp-content\/uploads\/2025\/11\/Imagen-de-WhatsApp-2025-11-03-a-las-13.05.03_94c8fd1e-768x432.jpg 768w, https:\/\/pruebas.munielmonte.cl\/wp-content\/uploads\/2025\/11\/Imagen-de-WhatsApp-2025-11-03-a-las-13.05.03_94c8fd1e-1536x864.jpg 1536w, https:\/\/pruebas.munielmonte.cl\/wp-content\/uploads\/2025\/11\/Imagen-de-WhatsApp-2025-11-03-a-las-13.05.03_94c8fd1e-2048x1152.jpg 2048w\" sizes=\"(max-width: 800px) 100vw, 800px\" \/>\t\t\t\t\t\t\t\t<\/a>\n\t\t\t\t\t\t\t\t\t\t\t\t\t\t\t<\/div>\n\t\t\t\t<\/div>\n\t\t\t\t<div class=\"elementor-element elementor-element-c33c90e elementor-widget elementor-widget-image\" data-id=\"c33c90e\" data-element_type=\"widget\" data-e-type=\"widget\" data-widget_type=\"image.default\">\n\t\t\t\t<div class=\"elementor-widget-container\">\n\t\t\t\t\t\t\t\t\t\t\t\t\t\t\t\t<a href=\"https:\/\/pruebas.munielmonte.cl\/wp-content\/uploads\/2025\/11\/20251027_1952451-scaled.jpg\" data-elementor-open-lightbox=\"yes\" data-elementor-lightbox-title=\"20251027_195245[1]\" data-e-action-hash=\"#elementor-action%3Aaction%3Dlightbox%26settings%3DeyJpZCI6NDgzNSwidXJsIjoiaHR0cHM6XC9cL3BydWViYXMubXVuaWVsbW9udGUuY2xcL3dwLWNvbnRlbnRcL3VwbG9hZHNcLzIwMjVcLzExXC8yMDI1MTAyN18xOTUyNDUxLXNjYWxlZC5qcGcifQ%3D%3D\">\n\t\t\t\t\t\t\t<img loading=\"lazy\" decoding=\"async\" width=\"800\" height=\"450\" src=\"https:\/\/pruebas.munielmonte.cl\/wp-content\/uploads\/2025\/11\/20251027_1952451-1024x576.jpg\" class=\"attachment-large size-large wp-image-4835\" alt=\"\" srcset=\"https:\/\/pruebas.munielmonte.cl\/wp-content\/uploads\/2025\/11\/20251027_1952451-1024x576.jpg 1024w, https:\/\/pruebas.munielmonte.cl\/wp-content\/uploads\/2025\/11\/20251027_1952451-300x169.jpg 300w, https:\/\/pruebas.munielmonte.cl\/wp-content\/uploads\/2025\/11\/20251027_1952451-768x432.jpg 768w, https:\/\/pruebas.munielmonte.cl\/wp-content\/uploads\/2025\/11\/20251027_1952451-1536x864.jpg 1536w, https:\/\/pruebas.munielmonte.cl\/wp-content\/uploads\/2025\/11\/20251027_1952451-2048x1152.jpg 2048w\" sizes=\"(max-width: 800px) 100vw, 800px\" \/>\t\t\t\t\t\t\t\t<\/a>\n\t\t\t\t\t\t\t\t\t\t\t\t\t\t\t<\/div>\n\t\t\t\t<\/div>\n\t\t\t\t<\/div>\n\t\t\t\t<div class=\"elementor-element elementor-element-d7d46fd elementor-widget elementor-widget-image\" data-id=\"d7d46fd\" data-element_type=\"widget\" data-e-type=\"widget\" data-widget_type=\"image.default\">\n\t\t\t\t<div class=\"elementor-widget-container\">\n\t\t\t\t\t\t\t\t\t\t\t\t\t\t\t<img loading=\"lazy\" decoding=\"async\" width=\"300\" height=\"200\" src=\"https:\/\/pruebas.munielmonte.cl\/wp-content\/uploads\/2025\/07\/Logo-Municipal-300x200.png\" class=\"attachment-medium size-medium wp-image-2215\" alt=\"\" srcset=\"https:\/\/pruebas.munielmonte.cl\/wp-content\/uploads\/2025\/07\/Logo-Municipal-300x200.png 300w, https:\/\/pruebas.munielmonte.cl\/wp-content\/uploads\/2025\/07\/Logo-Municipal-1024x683.png 1024w, https:\/\/pruebas.munielmonte.cl\/wp-content\/uploads\/2025\/07\/Logo-Municipal-768x512.png 768w, https:\/\/pruebas.munielmonte.cl\/wp-content\/uploads\/2025\/07\/Logo-Municipal-1536x1024.png 1536w, https:\/\/pruebas.munielmonte.cl\/wp-content\/uploads\/2025\/07\/Logo-Municipal.png 1701w\" sizes=\"(max-width: 300px) 100vw, 300px\" \/>\t\t\t\t\t\t\t\t\t\t\t\t\t\t\t<\/div>\n\t\t\t\t<\/div>\n\t\t\t\t\t<\/div>\n\t\t\t\t<\/div>\n\t\t<div class=\"elementor-element elementor-element-d03b7e8 e-flex e-con-boxed wpr-particle-no wpr-jarallax-no wpr-parallax-no wpr-sticky-section-no wpr-column-slider-no wpr-equal-height-no e-con e-parent\" data-id=\"d03b7e8\" data-element_type=\"container\" data-e-type=\"container\">\n\t\t\t\t\t<div class=\"e-con-inner\">\n\t\t\t\t\t<\/div>\n\t\t\t\t<\/div>\n\t\t\t\t<\/div>\n\t\t","protected":false},"excerpt":{"rendered":"<p>ALCALDESA DE EL MONTE alcaldesa@munielmonte.cl Zandra Sof\u00eda Maul\u00e9n Jofr\u00e9, naci\u00f3 y fue criada en la comuna de El Monte. Estudi\u00f3 en la escuela Emelina Urrutia y en el Colegio Sagrado Coraz\u00f3n. Estudi\u00f3 Medicina Veterinaria en la Universidad Austral de Chile, gradu\u00e1ndose en 2003. Continu\u00f3 sus estudios de M\u00e1ster y Doctorado en Espa\u00f1a. En el \u00e1mbito laboral, fue docente en la Universidad del Pac\u00edfico, sede Melipilla, y en la Universidad San Sebasti\u00e1n, sede Puerto Montt. Adem\u00e1s, trabaj\u00f3 en el ejercicio libre de la profesi\u00f3n, tanto a domicilio como en consulta. Fund\u00f3 el Centro de Conservaci\u00f3n de la Biodiversidad \u00abChilo\u00e9-Silvestre\u00bb en Ancud y fue Directora del Refugio de Fauna de Urdaibai \u00abBasondo\u00bb en Vizcaya, Espa\u00f1a. Se postul\u00f3 como candidata a concejal por El Monte en 2021, siendo electa con una de las primeras mayor\u00edas. En julio de 2022, asumi\u00f3 la alcald\u00eda de El Monte, cargo queejerce actualmente luego de ganar las elecciones de alcalde en octubre\u00a0de\u00a02024.<\/p>\n","protected":false},"author":5,"featured_media":0,"parent":0,"menu_order":0,"comment_status":"closed","ping_status":"closed","template":"elementor_canvas","meta":{"footnotes":""},"class_list":["post-3170","page","type-page","status-publish","hentry"],"_links":{"self":[{"href":"https:\/\/pruebas.munielmonte.cl\/index.php?rest_route=\/wp\/v2\/pages\/3170","targetHints":{"allow":["GET"]}}],"collection":[{"href":"https:\/\/pruebas.munielmonte.cl\/index.php?rest_route=\/wp\/v2\/pages"}],"about":[{"href":"https:\/\/pruebas.munielmonte.cl\/index.php?rest_route=\/wp\/v2\/types\/page"}],"author":[{"embeddable":true,"href":"https:\/\/pruebas.munielmonte.cl\/index.php?rest_route=\/wp\/v2\/users\/5"}],"replies":[{"embeddable":true,"href":"https:\/\/pruebas.munielmonte.cl\/index.php?rest_route=%2Fwp%2Fv2%2Fcomments&post=3170"}],"version-history":[{"count":45,"href":"https:\/\/pruebas.munielmonte.cl\/index.php?rest_route=\/wp\/v2\/pages\/3170\/revisions"}],"predecessor-version":[{"id":5389,"href":"https:\/\/pruebas.munielmonte.cl\/index.php?rest_route=\/wp\/v2\/pages\/3170\/revisions\/5389"}],"wp:attachment":[{"href":"https:\/\/pruebas.munielmonte.cl\/index.php?rest_route=%2Fwp%2Fv2%2Fmedia&parent=3170"}],"curies":[{"name":"wp","href":"https:\/\/api.w.org\/{rel}","templated":true}]}}