{"id":2531,"date":"2025-09-24T18:26:19","date_gmt":"2025-09-24T18:26:19","guid":{"rendered":"https:\/\/pruebas.munielmonte.cl\/?page_id=2531"},"modified":"2025-10-30T13:37:57","modified_gmt":"2025-10-30T13:37:57","slug":"educacion","status":"publish","type":"page","link":"https:\/\/pruebas.munielmonte.cl\/?page_id=2531","title":{"rendered":"Educacion"},"content":{"rendered":"\t\t<div data-elementor-type=\"wp-page\" data-elementor-id=\"2531\" class=\"elementor elementor-2531\" data-elementor-post-type=\"page\">\n\t\t\t\t<div class=\"elementor-element elementor-element-72530053 animated-slow e-flex e-con-boxed wpr-particle-no wpr-jarallax-no wpr-parallax-no wpr-sticky-section-no wpr-column-slider-no wpr-equal-height-no elementor-invisible e-con e-parent\" data-id=\"72530053\" data-element_type=\"container\" data-e-type=\"container\" data-settings=\"{&quot;animation&quot;:&quot;fadeIn&quot;}\">\n\t\t\t\t\t<div class=\"e-con-inner\">\n\t\t\t\t<div class=\"elementor-element elementor-element-a0e9ad4 elementor-widget elementor-widget-heading\" data-id=\"a0e9ad4\" data-element_type=\"widget\" data-e-type=\"widget\" data-widget_type=\"heading.default\">\n\t\t\t\t<div class=\"elementor-widget-container\">\n\t\t\t\t\t<h3 class=\"elementor-heading-title elementor-size-default\">EDUCACI\u00d3N<\/h3>\t\t\t\t<\/div>\n\t\t\t\t<\/div>\n\t\t\t\t\t<\/div>\n\t\t\t\t<\/div>\n\t\t<div class=\"elementor-element elementor-element-4e99adf e-grid animated-slow e-con-boxed wpr-particle-no wpr-jarallax-no wpr-parallax-no wpr-sticky-section-no wpr-column-slider-no wpr-equal-height-no elementor-invisible e-con e-parent\" data-id=\"4e99adf\" data-element_type=\"container\" data-e-type=\"container\" data-settings=\"{&quot;animation&quot;:&quot;fadeIn&quot;}\">\n\t\t\t\t\t<div class=\"e-con-inner\">\n\t\t\t\t<div class=\"elementor-element elementor-element-4fc08cf e-transform elementor-position-top elementor-widget elementor-widget-image-box\" data-id=\"4fc08cf\" data-element_type=\"widget\" data-e-type=\"widget\" data-settings=\"{&quot;_transform_scale_effect_hover&quot;:{&quot;unit&quot;:&quot;px&quot;,&quot;size&quot;:1.100000000000000088817841970012523233890533447265625,&quot;sizes&quot;:[]},&quot;_transform_scale_effect_hover_tablet&quot;:{&quot;unit&quot;:&quot;px&quot;,&quot;size&quot;:&quot;&quot;,&quot;sizes&quot;:[]},&quot;_transform_scale_effect_hover_mobile&quot;:{&quot;unit&quot;:&quot;px&quot;,&quot;size&quot;:&quot;&quot;,&quot;sizes&quot;:[]}}\" data-widget_type=\"image-box.default\">\n\t\t\t\t<div class=\"elementor-widget-container\">\n\t\t\t\t\t<div class=\"elementor-image-box-wrapper\"><figure class=\"elementor-image-box-img\"><a href=\"https:\/\/liceolhag.cl\/\" tabindex=\"-1\"><img fetchpriority=\"high\" decoding=\"async\" width=\"480\" height=\"320\" src=\"https:\/\/pruebas.munielmonte.cl\/wp-content\/uploads\/2025\/09\/IMG_6284.png\" class=\"attachment-full size-full wp-image-2868\" alt=\"\" srcset=\"https:\/\/pruebas.munielmonte.cl\/wp-content\/uploads\/2025\/09\/IMG_6284.png 480w, https:\/\/pruebas.munielmonte.cl\/wp-content\/uploads\/2025\/09\/IMG_6284-300x200.png 300w\" sizes=\"(max-width: 480px) 100vw, 480px\" \/><\/a><\/figure><div class=\"elementor-image-box-content\"><h3 class=\"elementor-image-box-title\"><a href=\"https:\/\/liceolhag.cl\/\">LICEO POLIVALENTE LUIS HUMBERTO ACOSTA GAY<\/a><\/h3><p class=\"elementor-image-box-description\">DIRECCION: BENAVENTE N\u00ba 149\n<br>\nTELEFONO: 28182518<\/p><\/div><\/div>\t\t\t\t<\/div>\n\t\t\t\t<\/div>\n\t\t\t\t<div class=\"elementor-element elementor-element-7931ec8 e-transform elementor-position-top elementor-widget elementor-widget-image-box\" data-id=\"7931ec8\" data-element_type=\"widget\" data-e-type=\"widget\" data-settings=\"{&quot;_transform_scale_effect_hover&quot;:{&quot;unit&quot;:&quot;px&quot;,&quot;size&quot;:1.100000000000000088817841970012523233890533447265625,&quot;sizes&quot;:[]},&quot;_transform_scale_effect_hover_tablet&quot;:{&quot;unit&quot;:&quot;px&quot;,&quot;size&quot;:&quot;&quot;,&quot;sizes&quot;:[]},&quot;_transform_scale_effect_hover_mobile&quot;:{&quot;unit&quot;:&quot;px&quot;,&quot;size&quot;:&quot;&quot;,&quot;sizes&quot;:[]}}\" data-widget_type=\"image-box.default\">\n\t\t\t\t<div class=\"elementor-widget-container\">\n\t\t\t\t\t<div class=\"elementor-image-box-wrapper\"><figure class=\"elementor-image-box-img\"><a href=\"https:\/\/www.facebook.com\/people\/Escuela-El-Remanso\/100057626971907\/\" tabindex=\"-1\"><img decoding=\"async\" width=\"483\" height=\"322\" src=\"https:\/\/pruebas.munielmonte.cl\/wp-content\/uploads\/2025\/09\/IMG_6252.png\" class=\"attachment-full size-full wp-image-2867\" alt=\"\" srcset=\"https:\/\/pruebas.munielmonte.cl\/wp-content\/uploads\/2025\/09\/IMG_6252.png 483w, https:\/\/pruebas.munielmonte.cl\/wp-content\/uploads\/2025\/09\/IMG_6252-300x200.png 300w\" sizes=\"(max-width: 483px) 100vw, 483px\" \/><\/a><\/figure><div class=\"elementor-image-box-content\"><h3 class=\"elementor-image-box-title\"><a href=\"https:\/\/www.facebook.com\/people\/Escuela-El-Remanso\/100057626971907\/\">ESCUELA G-746 EL REMANSO<\/a><\/h3><p class=\"elementor-image-box-description\">\nRBD : 10741-7\n<br>\nDIRECCI\u00d3N : CAMINO LA PUNTILLA Km. 5\n<br>\nTELEFONO : 2818 2342<\/p><\/div><\/div>\t\t\t\t<\/div>\n\t\t\t\t<\/div>\n\t\t\t\t<div class=\"elementor-element elementor-element-f7ba208 e-transform elementor-position-top elementor-widget elementor-widget-image-box\" data-id=\"f7ba208\" data-element_type=\"widget\" data-e-type=\"widget\" data-settings=\"{&quot;_transform_scale_effect_hover&quot;:{&quot;unit&quot;:&quot;px&quot;,&quot;size&quot;:1.100000000000000088817841970012523233890533447265625,&quot;sizes&quot;:[]},&quot;_transform_scale_effect_hover_tablet&quot;:{&quot;unit&quot;:&quot;px&quot;,&quot;size&quot;:&quot;&quot;,&quot;sizes&quot;:[]},&quot;_transform_scale_effect_hover_mobile&quot;:{&quot;unit&quot;:&quot;px&quot;,&quot;size&quot;:&quot;&quot;,&quot;sizes&quot;:[]}}\" data-widget_type=\"image-box.default\">\n\t\t\t\t<div class=\"elementor-widget-container\">\n\t\t\t\t\t<div class=\"elementor-image-box-wrapper\"><figure class=\"elementor-image-box-img\"><a href=\"https:\/\/www.facebook.com\/Escuelajavieracarrera.elpaico\" tabindex=\"-1\"><img decoding=\"async\" width=\"483\" height=\"322\" src=\"https:\/\/pruebas.munielmonte.cl\/wp-content\/uploads\/2025\/09\/IMG_6220.png\" class=\"attachment-full size-full wp-image-2866\" alt=\"\" srcset=\"https:\/\/pruebas.munielmonte.cl\/wp-content\/uploads\/2025\/09\/IMG_6220.png 483w, https:\/\/pruebas.munielmonte.cl\/wp-content\/uploads\/2025\/09\/IMG_6220-300x200.png 300w\" sizes=\"(max-width: 483px) 100vw, 483px\" \/><\/a><\/figure><div class=\"elementor-image-box-content\"><h3 class=\"elementor-image-box-title\"><a href=\"https:\/\/www.facebook.com\/Escuelajavieracarrera.elpaico\">ESCUELA JAVIERA CARRERA EL PAICO<\/a><\/h3><p class=\"elementor-image-box-description\">\nRBD : 10737-9\n<br>\nDIRECCI\u00d3N : LA RED N \u00b0 0207\n<br>\nTELEFONO : 2818 2913<\/p><\/div><\/div>\t\t\t\t<\/div>\n\t\t\t\t<\/div>\n\t\t\t\t<div class=\"elementor-element elementor-element-de5f272 e-transform elementor-position-top elementor-widget elementor-widget-image-box\" data-id=\"de5f272\" data-element_type=\"widget\" data-e-type=\"widget\" data-settings=\"{&quot;_transform_scale_effect_hover&quot;:{&quot;unit&quot;:&quot;px&quot;,&quot;size&quot;:1.100000000000000088817841970012523233890533447265625,&quot;sizes&quot;:[]},&quot;_transform_scale_effect_hover_tablet&quot;:{&quot;unit&quot;:&quot;px&quot;,&quot;size&quot;:&quot;&quot;,&quot;sizes&quot;:[]},&quot;_transform_scale_effect_hover_mobile&quot;:{&quot;unit&quot;:&quot;px&quot;,&quot;size&quot;:&quot;&quot;,&quot;sizes&quot;:[]}}\" data-widget_type=\"image-box.default\">\n\t\t\t\t<div class=\"elementor-widget-container\">\n\t\t\t\t\t<div class=\"elementor-image-box-wrapper\"><figure class=\"elementor-image-box-img\"><a href=\"https:\/\/www.colegioelcristo.cl\/nosotros\" tabindex=\"-1\"><img loading=\"lazy\" decoding=\"async\" width=\"480\" height=\"320\" src=\"https:\/\/pruebas.munielmonte.cl\/wp-content\/uploads\/2025\/09\/IMG_6194.png\" class=\"attachment-full size-full wp-image-2865\" alt=\"\" srcset=\"https:\/\/pruebas.munielmonte.cl\/wp-content\/uploads\/2025\/09\/IMG_6194.png 480w, https:\/\/pruebas.munielmonte.cl\/wp-content\/uploads\/2025\/09\/IMG_6194-300x200.png 300w\" sizes=\"(max-width: 480px) 100vw, 480px\" \/><\/a><\/figure><div class=\"elementor-image-box-content\"><h3 class=\"elementor-image-box-title\"><a href=\"https:\/\/www.colegioelcristo.cl\/nosotros\">ESCUELA G-744 CHI\u00d1IGUE EL CRISTO<\/a><\/h3><p class=\"elementor-image-box-description\">RBD : 10740-9\n<br>\nDIRECCI\u00d3N : AV. LIBERTADORES 1793\n<br>\nTELEFONO : 2818 2734<\/p><\/div><\/div>\t\t\t\t<\/div>\n\t\t\t\t<\/div>\n\t\t\t\t<div class=\"elementor-element elementor-element-249e989 e-transform elementor-position-top elementor-widget elementor-widget-image-box\" data-id=\"249e989\" data-element_type=\"widget\" data-e-type=\"widget\" data-settings=\"{&quot;_transform_scale_effect_hover&quot;:{&quot;unit&quot;:&quot;px&quot;,&quot;size&quot;:1.100000000000000088817841970012523233890533447265625,&quot;sizes&quot;:[]},&quot;_transform_scale_effect_hover_tablet&quot;:{&quot;unit&quot;:&quot;px&quot;,&quot;size&quot;:&quot;&quot;,&quot;sizes&quot;:[]},&quot;_transform_scale_effect_hover_mobile&quot;:{&quot;unit&quot;:&quot;px&quot;,&quot;size&quot;:&quot;&quot;,&quot;sizes&quot;:[]}}\" data-widget_type=\"image-box.default\">\n\t\t\t\t<div class=\"elementor-widget-container\">\n\t\t\t\t\t<div class=\"elementor-image-box-wrapper\"><figure class=\"elementor-image-box-img\"><a href=\"https:\/\/www.facebook.com\/escuelahonduraselmonte\" tabindex=\"-1\"><img loading=\"lazy\" decoding=\"async\" width=\"483\" height=\"322\" src=\"https:\/\/pruebas.munielmonte.cl\/wp-content\/uploads\/2025\/09\/IMG_6165.png\" class=\"attachment-full size-full wp-image-2864\" alt=\"\" srcset=\"https:\/\/pruebas.munielmonte.cl\/wp-content\/uploads\/2025\/09\/IMG_6165.png 483w, https:\/\/pruebas.munielmonte.cl\/wp-content\/uploads\/2025\/09\/IMG_6165-300x200.png 300w\" sizes=\"(max-width: 483px) 100vw, 483px\" \/><\/a><\/figure><div class=\"elementor-image-box-content\"><h3 class=\"elementor-image-box-title\"><a href=\"https:\/\/www.facebook.com\/escuelahonduraselmonte\">ESCUELA F-742 REPUBLICA DE HONDURAS<\/a><\/h3><p class=\"elementor-image-box-description\">RBD : 10738-7\n<br>\nDIRECCI\u00d3N : AV. LIBERTADORES 1340\n<br>\nTELEFONO : 2818 1855<\/p><\/div><\/div>\t\t\t\t<\/div>\n\t\t\t\t<\/div>\n\t\t\t\t<div class=\"elementor-element elementor-element-e7e3c8b e-transform elementor-position-top elementor-widget elementor-widget-image-box\" data-id=\"e7e3c8b\" data-element_type=\"widget\" data-e-type=\"widget\" data-settings=\"{&quot;_transform_scale_effect_hover&quot;:{&quot;unit&quot;:&quot;px&quot;,&quot;size&quot;:1.100000000000000088817841970012523233890533447265625,&quot;sizes&quot;:[]},&quot;_transform_scale_effect_hover_tablet&quot;:{&quot;unit&quot;:&quot;px&quot;,&quot;size&quot;:&quot;&quot;,&quot;sizes&quot;:[]},&quot;_transform_scale_effect_hover_mobile&quot;:{&quot;unit&quot;:&quot;px&quot;,&quot;size&quot;:&quot;&quot;,&quot;sizes&quot;:[]}}\" data-widget_type=\"image-box.default\">\n\t\t\t\t<div class=\"elementor-widget-container\">\n\t\t\t\t\t<div class=\"elementor-image-box-wrapper\"><figure class=\"elementor-image-box-img\"><a href=\"https:\/\/www.facebook.com\/escuelaecuador.max.berru.carrion\" tabindex=\"-1\"><img loading=\"lazy\" decoding=\"async\" width=\"480\" height=\"320\" src=\"https:\/\/pruebas.munielmonte.cl\/wp-content\/uploads\/2025\/09\/IMG_6108.png\" class=\"attachment-full size-full wp-image-2863\" alt=\"\" srcset=\"https:\/\/pruebas.munielmonte.cl\/wp-content\/uploads\/2025\/09\/IMG_6108.png 480w, https:\/\/pruebas.munielmonte.cl\/wp-content\/uploads\/2025\/09\/IMG_6108-300x200.png 300w\" sizes=\"(max-width: 480px) 100vw, 480px\" \/><\/a><\/figure><div class=\"elementor-image-box-content\"><h3 class=\"elementor-image-box-title\"><a href=\"https:\/\/www.facebook.com\/escuelaecuador.max.berru.carrion\">ESCUELA D-740 REP\u00daBLICA DEL ECUADOR<\/a><\/h3><p class=\"elementor-image-box-description\">RBD : 10736-0\n<br>\nDIRECCI\u00d3N : AV. LIBERTADORES 615\n<br>\nTELEFONO : 2818 2653\n<\/p><\/div><\/div>\t\t\t\t<\/div>\n\t\t\t\t<\/div>\n\t\t\t\t\t<\/div>\n\t\t\t\t<\/div>\n\t\t<div class=\"elementor-element elementor-element-7393f3a e-flex e-con-boxed wpr-particle-no wpr-jarallax-no wpr-parallax-no wpr-sticky-section-no wpr-column-slider-no wpr-equal-height-no e-con e-parent\" data-id=\"7393f3a\" data-element_type=\"container\" data-e-type=\"container\">\n\t\t\t\t\t<div class=\"e-con-inner\">\n\t\t\t\t\t<\/div>\n\t\t\t\t<\/div>\n\t\t\t\t<\/div>\n\t\t","protected":false},"excerpt":{"rendered":"<p>EDUCACI\u00d3N LICEO POLIVALENTE LUIS HUMBERTO ACOSTA GAY DIRECCION: BENAVENTE N\u00ba 149 TELEFONO: 28182518 ESCUELA G-746 EL REMANSO RBD : 10741-7 DIRECCI\u00d3N : CAMINO LA PUNTILLA Km. 5 TELEFONO : 2818 2342 ESCUELA JAVIERA CARRERA EL PAICO RBD : 10737-9 DIRECCI\u00d3N : LA RED N \u00b0 0207 TELEFONO : 2818 2913 ESCUELA G-744 CHI\u00d1IGUE EL CRISTO RBD : 10740-9 DIRECCI\u00d3N : AV. LIBERTADORES 1793 TELEFONO : 2818 2734 ESCUELA F-742 REPUBLICA DE HONDURAS RBD : 10738-7 DIRECCI\u00d3N : AV. LIBERTADORES 1340 TELEFONO : 2818 1855 ESCUELA D-740 REP\u00daBLICA DEL ECUADOR RBD : 10736-0 DIRECCI\u00d3N : AV. LIBERTADORES 615 TELEFONO : 2818 2653<\/p>\n","protected":false},"author":5,"featured_media":0,"parent":0,"menu_order":0,"comment_status":"closed","ping_status":"closed","template":"elementor_canvas","meta":{"footnotes":""},"class_list":["post-2531","page","type-page","status-publish","hentry"],"_links":{"self":[{"href":"https:\/\/pruebas.munielmonte.cl\/index.php?rest_route=\/wp\/v2\/pages\/2531","targetHints":{"allow":["GET"]}}],"collection":[{"href":"https:\/\/pruebas.munielmonte.cl\/index.php?rest_route=\/wp\/v2\/pages"}],"about":[{"href":"https:\/\/pruebas.munielmonte.cl\/index.php?rest_route=\/wp\/v2\/types\/page"}],"author":[{"embeddable":true,"href":"https:\/\/pruebas.munielmonte.cl\/index.php?rest_route=\/wp\/v2\/users\/5"}],"replies":[{"embeddable":true,"href":"https:\/\/pruebas.munielmonte.cl\/index.php?rest_route=%2Fwp%2Fv2%2Fcomments&post=2531"}],"version-history":[{"count":33,"href":"https:\/\/pruebas.munielmonte.cl\/index.php?rest_route=\/wp\/v2\/pages\/2531\/revisions"}],"predecessor-version":[{"id":4653,"href":"https:\/\/pruebas.munielmonte.cl\/index.php?rest_route=\/wp\/v2\/pages\/2531\/revisions\/4653"}],"wp:attachment":[{"href":"https:\/\/pruebas.munielmonte.cl\/index.php?rest_route=%2Fwp%2Fv2%2Fmedia&parent=2531"}],"curies":[{"name":"wp","href":"https:\/\/api.w.org\/{rel}","templated":true}]}}