{"id":2501,"date":"2025-09-24T17:56:19","date_gmt":"2025-09-24T17:56:19","guid":{"rendered":"https:\/\/pruebas.munielmonte.cl\/?page_id=2501"},"modified":"2025-10-29T15:27:07","modified_gmt":"2025-10-29T15:27:07","slug":"scam","status":"publish","type":"page","link":"https:\/\/pruebas.munielmonte.cl\/?page_id=2501","title":{"rendered":"SCAM"},"content":{"rendered":"\t\t<div data-elementor-type=\"wp-page\" data-elementor-id=\"2501\" class=\"elementor elementor-2501\" data-elementor-post-type=\"page\">\n\t\t\t\t<div class=\"elementor-element elementor-element-61287c1b animated-slow e-flex e-con-boxed wpr-particle-no wpr-jarallax-no wpr-parallax-no wpr-sticky-section-no wpr-column-slider-no wpr-equal-height-no elementor-invisible e-con e-parent\" data-id=\"61287c1b\" data-element_type=\"container\" data-e-type=\"container\" data-settings=\"{&quot;animation&quot;:&quot;fadeIn&quot;}\">\n\t\t\t\t\t<div class=\"e-con-inner\">\n\t\t\t\t<div class=\"elementor-element elementor-element-f13ff95 elementor-widget elementor-widget-heading\" data-id=\"f13ff95\" data-element_type=\"widget\" data-e-type=\"widget\" data-widget_type=\"heading.default\">\n\t\t\t\t<div class=\"elementor-widget-container\">\n\t\t\t\t\t<h2 class=\"elementor-heading-title elementor-size-default\">\nSISTEMA DE CERTIFICAC\u00cdON AMBIENTAL MUNICIPAL\n\n<\/h2>\t\t\t\t<\/div>\n\t\t\t\t<\/div>\n\t\t\t\t<div class=\"elementor-element elementor-element-4ad4c88 elementor-widget elementor-widget-text-editor\" data-id=\"4ad4c88\" data-element_type=\"widget\" data-e-type=\"widget\" data-widget_type=\"text-editor.default\">\n\t\t\t\t<div class=\"elementor-widget-container\">\n\t\t\t\t\t\t\t\t\t\n<div><span class=\"fs16\" style=\"font-family: gothambook;\">El Sistema de Certificaci\u00f3n Ambiental Municipal es un sistema hol\u00edstico de car\u00e1cter voluntario, que permite a los municipios instalarse en el territorio como modelo de gesti\u00f3n ambiental, donde la org\u00e1nica municipal, la infraestructura, el personal, los procedimientos internos y los servicios que presta el municipio a la comunidad integran el factor ambiental en su quehacer. La Certificaci\u00f3n Ambiental Municipal requiere contar con municipios y organizaciones ciudadanas con capacidades t\u00e9cnicas para participar efectivamente en la gesti\u00f3n ambiental del territorio, pues de esta forma, se enfrentan los desaf\u00edos ambientales desde una perspectiva sistem\u00e1tica e integral. El desarrollo de la Certificaci\u00f3n Ambiental Municipal debe ser entendido como la construcci\u00f3n de un proceso que se basa en los principios de realismo y gradualismo, donde las entidades municipales, a medida que van cumpliendo con los requisitos de certificaci\u00f3n, obtienen distinto reconocimiento seg\u00fan los logros de gesti\u00f3n alcanzados.<\/span><\/div>\n<div>\u00a0<\/div>\n<div><span class=\"fs16\" style=\"font-family: gothambold;\"><b>\u00bfQu\u00e9 logra un municipio al certificarse ambientalmente? \u00a0\u00a0<\/b><\/span><\/div>\n<div>\u00a0<\/div>\n<h2 style=\"text-align: left;\"><span style=\"font-size: 16px;\"><strong><span class=\"fs16\" style=\"font-family: gothambold;\">La implementaci\u00f3n del Sistema de Certificaci\u00f3n Ambiental Municipal (SCAM) puede generar numerosos beneficios y ventajas para un municipio. Algunos de ellos son:<\/span><\/strong><\/span><\/h2>\n<div>\u00a0<\/div>\n<div><span class=\"fs16\">\u2022<span style=\"font-family: gothambook;\"> Mejora de la gesti\u00f3n ambiental: El SCAM es un sistema que promueve la adopci\u00f3n de buenas pr\u00e1cticas ambientales, lo que puede llevar a una mejora significativa en la gesti\u00f3n ambiental del municipio.<\/span><\/span><\/div>\n<div><span class=\"fs16\" style=\"font-family: gothambook;\">\u2022 Reconocimiento y prestigio: La obtenci\u00f3n de la certificaci\u00f3n ambiental del SCAM puede ser utilizada por el municipio como una herramienta de promoci\u00f3n y difusi\u00f3n, lo que puede generar un mayor reconocimiento y prestigio a nivel local, regional y nacional.<\/span><\/div>\n<div><span class=\"fs16\" style=\"font-family: gothambook;\">\u2022 Participaci\u00f3n ciudadana: La implementaci\u00f3n del SCAM promueve la participaci\u00f3n ciudadana en la gesti\u00f3n ambiental, lo que puede llevar a una mayor involucraci\u00f3n de la comunidad en la toma de decisiones y una mayor conciencia ambiental.<\/span><\/div>\n<div><span class=\"fs16\" style=\"font-family: gothambook;\">\u2022 Acceso a financiamiento: La certificaci\u00f3n ambiental del SCAM puede ser utilizada por el municipio como un aval para acceder a financiamiento para proyectos ambientales, lo que puede facilitar la implementaci\u00f3n de mejoras y proyectos en esta \u00e1rea.<\/span><\/div>\n<div><span class=\"fs16\" style=\"font-family: gothambook;\">\u2022 Mejora de la calidad de vida: La implementaci\u00f3n del SCAM puede llevar a una mejora en la calidad de vida de los habitantes del municipio, al promover pr\u00e1cticas m\u00e1s sustentables y un ambiente m\u00e1s saludable.<\/span><\/div>\n<div><span class=\"fs16\" style=\"font-family: gothambook;\">\u2022 Fomento a la educaci\u00f3n ambiental formal y no formal.<\/span><\/div>\n<div><span class=\"fs16\" style=\"font-family: gothambook;\">\u2022 Eficiencia h\u00eddrica y energ\u00e9tica.<\/span><\/div>\n<div><span class=\"fs16\" style=\"font-family: gothambook;\">\u2022 Fomento al reciclaje y a la gesti\u00f3n de residuos<\/span><\/div>\n<div><span class=\"fs16\" style=\"font-family: gothambook;\">\u2022 Capacitaci\u00f3n funcionaria y comunitaria en temas ambientales<\/span><\/div>\n<div><span class=\"fs16\" style=\"font-family: gothambook;\">\u2022 Asistencia t\u00e9cnica y apoyo de servicios p\u00fablicos.<\/span><\/div>\n<div><span class=\"fs16\" style=\"font-family: gothambook;\">\u2022 Apoya la planificaci\u00f3n ambiental municipal.<\/span><\/div>\n<div><span class=\"fs16\" style=\"font-family: gothambook;\">\u2022 Empoderamiento de las unidades ambientales municipales.<\/span><\/div>\n<div>\u00a0<\/div>\n<h2 style=\"text-align: center;\"><span class=\"fs16\" style=\"color: #0e7f7b; font-family: gothambold;\">En resumen, la implementaci\u00f3n del SCAM puede generar importantes beneficios para el municipio, tanto en t\u00e9rminos de mejora en la gesti\u00f3n ambiental, como en el reconocimiento, la participaci\u00f3n ciudadana y la mejora en la calidad de vida de sus habitantes.<\/span><\/h2>\n<div>\u00a0<\/div>\n<div><span class=\"fs16\" style=\"font-family: gothambold;\"><b>Descripci\u00f3n y prop\u00f3sito de la fase que se encuentra el municipio actualmente:<\/b><\/span><\/div>\n<div>\u00a0<\/div>\n<div><span style=\"font-family: gothambook;\"><span class=\"fs12\">Certificaci\u00f3n Ambiental Municipal Nivel 3\u00b0 Excelencia<br \/><br \/>Fase 3, Certificaci\u00f3n Ambiental Municipal Avanzado o Excelencia, Es la certificaci\u00f3n en la cual nuestro municipio pertenece actualmente): En este nivel los municipios deber\u00e1n profundizar el trabajo en materia ambiental establecido en la Estrategia Ambiental Comunal, dando cuenta de un trabajo colaborativo entre las distintas unidades ambientales, la fase tres conlleva la \u201cEjecuci\u00f3n\u201d generalizada en todo el municipio de los planes o proyectos creados en el nivel 2; el funcionamiento de reciclaje , ahorro energ\u00e9tico e h\u00eddrico; ordenanza municipal con plena vigencia y en funcionamiento de participaci\u00f3n ambiental ejecutado; cumplimiento total de los compromisos de la (s) l\u00ednea (s) estrategias (s); Comit\u00e9 Ambiental Comunal y comit\u00e9 ambiental municipal ambos consolidados.<br \/><br \/><\/span><span class=\"fs12\">Para ello se debe desarrollar los compromisos y el total de las exigencias suscritas por el municipio en el nivel b\u00e1sico e intermedio para el adecuado funcionamiento del sistema de Certificaci\u00f3n Ambiental Municipal en el Nivel de Excelencia y as\u00ed lograr avanzar al siguiente nivel N\u00b04 Excelencia Avanzada.<\/span><\/span><\/div>\n<div>\u00a0<\/div>\n\t\t\t\t\t\t\t\t<\/div>\n\t\t\t\t<\/div>\n\t\t\t\t\t<\/div>\n\t\t\t\t<\/div>\n\t\t<div class=\"elementor-element elementor-element-854dd8f animated-slow e-flex e-con-boxed wpr-particle-no wpr-jarallax-no wpr-parallax-no wpr-sticky-section-no wpr-column-slider-no wpr-equal-height-no elementor-invisible e-con e-parent\" data-id=\"854dd8f\" data-element_type=\"container\" data-e-type=\"container\" data-settings=\"{&quot;animation&quot;:&quot;fadeIn&quot;}\">\n\t\t\t\t\t<div class=\"e-con-inner\">\n\t\t\t\t<div class=\"elementor-element elementor-element-970a1cf elementor-widget elementor-widget-text-editor\" data-id=\"970a1cf\" data-element_type=\"widget\" data-e-type=\"widget\" data-widget_type=\"text-editor.default\">\n\t\t\t\t<div class=\"elementor-widget-container\">\n\t\t\t\t\t\t\t\t\t<p><span style=\"font-family: gothambook;\">Resumen ejecutivo de actividades, gestiones y labores realizadas en la gesti\u00f3n ambiental municipal, seg\u00fan l\u00edneas estrat\u00e9gicas periodo intermedio SCAM 2021-2022. <a href=\"https:\/\/pruebas.munielmonte.cl\/wp-content\/uploads\/2025\/09\/SCAM_2021-2022.pdf\">Descargar<\/a><\/span><\/p>\t\t\t\t\t\t\t\t<\/div>\n\t\t\t\t<\/div>\n\t\t\t\t\t<\/div>\n\t\t\t\t<\/div>\n\t\t\t\t<\/div>\n\t\t","protected":false},"excerpt":{"rendered":"<p>SISTEMA DE CERTIFICAC\u00cdON AMBIENTAL MUNICIPAL El Sistema de Certificaci\u00f3n Ambiental Municipal es un sistema hol\u00edstico de car\u00e1cter voluntario, que permite a los municipios instalarse en el territorio como modelo de gesti\u00f3n ambiental, donde la org\u00e1nica municipal, la infraestructura, el personal, los procedimientos internos y los servicios que presta el municipio a la comunidad integran el factor ambiental en su quehacer. La Certificaci\u00f3n Ambiental Municipal requiere contar con municipios y organizaciones ciudadanas con capacidades t\u00e9cnicas para participar efectivamente en la gesti\u00f3n ambiental del territorio, pues de esta forma, se enfrentan los desaf\u00edos ambientales desde una perspectiva sistem\u00e1tica e integral. El desarrollo de la Certificaci\u00f3n Ambiental Municipal debe ser entendido como la construcci\u00f3n de un proceso que se basa en los principios de realismo y gradualismo, donde las entidades municipales, a medida que van cumpliendo con los requisitos de certificaci\u00f3n, obtienen distinto reconocimiento seg\u00fan los logros de gesti\u00f3n alcanzados. \u00a0 \u00bfQu\u00e9 logra un municipio al certificarse ambientalmente? \u00a0\u00a0 \u00a0 La implementaci\u00f3n del Sistema de Certificaci\u00f3n Ambiental Municipal (SCAM) puede generar numerosos beneficios y ventajas para un municipio. Algunos de ellos son: \u00a0 \u2022 Mejora de la gesti\u00f3n ambiental: El SCAM es un sistema que promueve la adopci\u00f3n de buenas pr\u00e1cticas ambientales, lo que puede llevar a una mejora significativa en la gesti\u00f3n ambiental del municipio. \u2022 Reconocimiento y prestigio: La obtenci\u00f3n de la certificaci\u00f3n ambiental del SCAM puede ser utilizada por el municipio como una herramienta de promoci\u00f3n y difusi\u00f3n, lo que puede generar un mayor reconocimiento y prestigio a nivel local, regional y nacional. \u2022 Participaci\u00f3n ciudadana: La implementaci\u00f3n del SCAM promueve la participaci\u00f3n ciudadana en la gesti\u00f3n ambiental, lo que puede llevar a una mayor involucraci\u00f3n de la comunidad en la toma de decisiones y una mayor conciencia ambiental. \u2022 Acceso a financiamiento: La certificaci\u00f3n ambiental del SCAM puede ser utilizada por el municipio como un aval para acceder a financiamiento para proyectos ambientales, lo que puede facilitar la implementaci\u00f3n de mejoras y proyectos en esta \u00e1rea. \u2022 Mejora de la calidad de vida: La implementaci\u00f3n del SCAM puede llevar a una mejora en la calidad de vida de los habitantes del municipio, al promover pr\u00e1cticas m\u00e1s sustentables y un ambiente m\u00e1s saludable. \u2022 Fomento a la educaci\u00f3n ambiental formal y no formal. \u2022 Eficiencia h\u00eddrica y energ\u00e9tica. \u2022 Fomento al reciclaje y a la gesti\u00f3n de residuos \u2022 Capacitaci\u00f3n funcionaria y comunitaria en temas ambientales \u2022 Asistencia t\u00e9cnica y apoyo de servicios p\u00fablicos. \u2022 Apoya la planificaci\u00f3n ambiental municipal. \u2022 Empoderamiento de las unidades ambientales municipales. \u00a0 En resumen, la implementaci\u00f3n del SCAM puede generar importantes beneficios para el municipio, tanto en t\u00e9rminos de mejora en la gesti\u00f3n ambiental, como en el reconocimiento, la participaci\u00f3n ciudadana y la mejora en la calidad de vida de sus habitantes. \u00a0 Descripci\u00f3n y prop\u00f3sito de la fase que se encuentra el municipio actualmente: \u00a0 Certificaci\u00f3n Ambiental Municipal Nivel 3\u00b0 Excelencia Fase 3, Certificaci\u00f3n Ambiental Municipal Avanzado o Excelencia, Es la certificaci\u00f3n en la cual nuestro municipio pertenece actualmente): En este nivel los municipios deber\u00e1n profundizar el trabajo en materia ambiental establecido en la Estrategia Ambiental Comunal, dando cuenta de un trabajo colaborativo entre las distintas unidades ambientales, la fase tres conlleva la \u201cEjecuci\u00f3n\u201d generalizada en todo el municipio de los planes o proyectos creados en el nivel 2; el funcionamiento de reciclaje , ahorro energ\u00e9tico e h\u00eddrico; ordenanza municipal con plena vigencia y en funcionamiento de participaci\u00f3n ambiental ejecutado; cumplimiento total de los compromisos de la (s) l\u00ednea (s) estrategias (s); Comit\u00e9 Ambiental Comunal y comit\u00e9 ambiental municipal ambos consolidados. Para ello se debe desarrollar los compromisos y el total de las exigencias suscritas por el municipio en el nivel b\u00e1sico e intermedio para el adecuado funcionamiento del sistema de Certificaci\u00f3n Ambiental Municipal en el Nivel de Excelencia y as\u00ed lograr avanzar al siguiente nivel N\u00b04 Excelencia Avanzada. \u00a0 Resumen ejecutivo de actividades, gestiones y labores realizadas en la gesti\u00f3n ambiental municipal, seg\u00fan l\u00edneas estrat\u00e9gicas periodo intermedio SCAM 2021-2022. Descargar<\/p>\n","protected":false},"author":5,"featured_media":0,"parent":0,"menu_order":0,"comment_status":"closed","ping_status":"closed","template":"elementor_canvas","meta":{"footnotes":""},"class_list":["post-2501","page","type-page","status-publish","hentry"],"_links":{"self":[{"href":"https:\/\/pruebas.munielmonte.cl\/index.php?rest_route=\/wp\/v2\/pages\/2501","targetHints":{"allow":["GET"]}}],"collection":[{"href":"https:\/\/pruebas.munielmonte.cl\/index.php?rest_route=\/wp\/v2\/pages"}],"about":[{"href":"https:\/\/pruebas.munielmonte.cl\/index.php?rest_route=\/wp\/v2\/types\/page"}],"author":[{"embeddable":true,"href":"https:\/\/pruebas.munielmonte.cl\/index.php?rest_route=\/wp\/v2\/users\/5"}],"replies":[{"embeddable":true,"href":"https:\/\/pruebas.munielmonte.cl\/index.php?rest_route=%2Fwp%2Fv2%2Fcomments&post=2501"}],"version-history":[{"count":6,"href":"https:\/\/pruebas.munielmonte.cl\/index.php?rest_route=\/wp\/v2\/pages\/2501\/revisions"}],"predecessor-version":[{"id":4495,"href":"https:\/\/pruebas.munielmonte.cl\/index.php?rest_route=\/wp\/v2\/pages\/2501\/revisions\/4495"}],"wp:attachment":[{"href":"https:\/\/pruebas.munielmonte.cl\/index.php?rest_route=%2Fwp%2Fv2%2Fmedia&parent=2501"}],"curies":[{"name":"wp","href":"https:\/\/api.w.org\/{rel}","templated":true}]}}