{"id":2499,"date":"2025-09-24T17:55:12","date_gmt":"2025-09-24T17:55:12","guid":{"rendered":"https:\/\/pruebas.munielmonte.cl\/?page_id=2499"},"modified":"2025-10-29T16:03:53","modified_gmt":"2025-10-29T16:03:53","slug":"enlaces","status":"publish","type":"page","link":"https:\/\/pruebas.munielmonte.cl\/?page_id=2499","title":{"rendered":"Enlaces"},"content":{"rendered":"\t\t<div data-elementor-type=\"wp-page\" data-elementor-id=\"2499\" class=\"elementor elementor-2499\" data-elementor-post-type=\"page\">\n\t\t\t\t<div class=\"elementor-element elementor-element-67f25455 animated-slow e-flex e-con-boxed wpr-particle-no wpr-jarallax-no wpr-parallax-no wpr-sticky-section-no wpr-column-slider-no wpr-equal-height-no elementor-invisible e-con e-parent\" data-id=\"67f25455\" data-element_type=\"container\" data-e-type=\"container\" data-settings=\"{&quot;animation&quot;:&quot;fadeIn&quot;}\">\n\t\t\t\t\t<div class=\"e-con-inner\">\n\t\t\t\t<div class=\"elementor-element elementor-element-cfcd82f elementor-widget elementor-widget-heading\" data-id=\"cfcd82f\" data-element_type=\"widget\" data-e-type=\"widget\" data-widget_type=\"heading.default\">\n\t\t\t\t<div class=\"elementor-widget-container\">\n\t\t\t\t\t<h2 class=\"elementor-heading-title elementor-size-default\">ENLACES<\/h2>\t\t\t\t<\/div>\n\t\t\t\t<\/div>\n\t\t\t\t\t<\/div>\n\t\t\t\t<\/div>\n\t\t<div class=\"elementor-element elementor-element-74a2822 animated-slow e-flex e-con-boxed wpr-particle-no wpr-jarallax-no wpr-parallax-no wpr-sticky-section-no wpr-column-slider-no wpr-equal-height-no elementor-invisible e-con e-parent\" data-id=\"74a2822\" data-element_type=\"container\" data-e-type=\"container\" data-settings=\"{&quot;animation&quot;:&quot;fadeIn&quot;}\">\n\t\t\t\t\t<div class=\"e-con-inner\">\n\t\t\t\t<div class=\"elementor-element elementor-element-95763cf elementor-widget elementor-widget-text-editor\" data-id=\"95763cf\" data-element_type=\"widget\" data-e-type=\"widget\" data-widget_type=\"text-editor.default\">\n\t\t\t\t<div class=\"elementor-widget-container\">\n\t\t\t\t\t\t\t\t\t<table data-minrequestedwidth=\"643\" data-computedwidth=\"643\">\n<tbody>\n<tr>\n<td class=\"imVt\">\n<p><span class=\"cf1 ff1\"><b>SECTOR PUBLICO<\/b><\/span><b><br \/><\/b><span class=\"fs13 ff1\"><br \/>Gobierno de Chile<br \/>Asociaci\u00f3n chilena de Municipios<br \/>Chile Compras<br \/>INFOCENTROS<br \/>SUBDERE<br \/>Ministerio de Planificaci\u00f3n<br \/>Ministerio de la Vivienda<br \/>Comisi\u00f3n Nacional del Medio Ambiente<br \/><\/span><span class=\"fs13 ff1\"><br \/><span class=\"cf1\"><b>SERVICIOS Y TRAMITES<\/b><br \/><\/span><\/span><span class=\"fs13 ff1\"><br \/>Tr\u00e1mite F\u00e1cil<br \/>Registro Civil<br \/>Ministerio del Trabajo y Previsi\u00f3n Social<br \/>Servicio de Impuestos Internos<br \/>Tesorer\u00eda General De la Rep\u00fablica<br \/>Servicio Nacional del Consumidor &#8211; SERNAC<br \/><\/span><span class=\"fs13 ff1\"><br \/><span class=\"cf1\"><b>FOMENTO PRODUCTIVO<\/b><\/span><\/span><br \/><span class=\"fs13 ff1\"><br \/>Programa de capacitaci\u00f3n permanente<br \/>Servicio Nacional de Capacitaci\u00f3n y Empleo<br \/>Servicio de Cooperaci\u00f3n T\u00e9cnica<br \/><\/span><span class=\"fs13 ff1\"><br \/><span class=\"cf1\"><b>AREA SOCIAL<\/b><\/span><\/span><br \/><span class=\"fs13 ff1\"><br \/>Prevenci\u00f3n y Rehabilitaci\u00f3n del Consumo de Drogas y Alcohol<br \/>Servicio Nacional de la Discapacidad<br \/>Fondo de Solidaridad e Inversi\u00f3n Social<br \/>Instituto Nacional de la Juventud<br \/>Servicio Nacional de la Mujer<br \/><\/span><span class=\"fs13 ff1\"><br \/><span class=\"cf1\"><b>SALUD<\/b><\/span><\/span><br \/><span class=\"fs13 ff1\"><br \/>Ministerio de Salud<br \/>Fondo Nacional de Salud<br \/><\/span><span class=\"fs13 ff1\"><br \/><span class=\"cf1\"><b>EDUCACI\u00d3N<\/b><\/span><\/span><br \/><span class=\"fs13 ff1\"><br \/>Ministerio de Educaci\u00f3n de Chile<br \/>Junta Nacional de Jardines Infantiles<br \/>Consejo Asesor Presidencial para la Calidad de la Educaci\u00f3n<br \/><\/span><span class=\"fs13 ff1\"><br \/><span class=\"cf1\"><b>CULTURA<\/b><\/span><\/span><br \/><span class=\"fs13 ff1\"><br \/>Consejo Nacional de la Cultura y las Artes<br \/>Consejo Nacional de la Cultura y Las Artes<br \/>Direcci\u00f3n de Bibliotecas, Archivos y Museos<br \/><\/span><span class=\"fs13 ff1\"><br \/><span class=\"cf1\"><b>INFORMACION ESTADISTICA Y TERRITORIAL<\/b><\/span><\/span><br \/><span class=\"fs13 ff1\"><br \/>Instituto Nacional de Estad\u00edsticas<br \/>Servicio Nacional de Turismo Chile<br \/>Sistema Nacional de Informaci\u00f3n Municipal S.I.N.I.M.<br \/>Sistema de Informaci\u00f3n Regional<br \/>Sistema Nacional de Coordinaci\u00f3n de Informaci\u00f3n Territorial<br \/><\/span><span class=\"fs13 ff1\"><br \/><span class=\"cf1\"><b>OTROS<\/b><\/span><\/span><br \/><span class=\"fs13 ff1\"><br \/>Instituto Profesional de Chile<br \/>Clases particulares<\/span><\/p>\n<\/td>\n<td class=\"imVt\">\n<p><span class=\"fs13 cf1 ff1\"><b>P\u00e1gina Web<\/b><\/span><span class=\"fs13 cf2 ff1\"><br \/><br \/><a class=\"imCssLink\" href=\"http:\/\/www.gobiernodechile.cl\/\" target=\"_blank\" rel=\"noopener\">www.gobiernodechile.cl<\/a><br \/><a class=\"imCssLink\" href=\"http:\/\/www.munitel.cl\/\" target=\"_blank\" rel=\"noopener\">www.munitel.cl<\/a><br \/><a class=\"imCssLink\" href=\"http:\/\/www.chilecompra.cl\/\" target=\"_blank\" rel=\"noopener\">www.chilecompra.cl<\/a><br \/><a class=\"imCssLink\" href=\"http:\/\/www.infocentros.gov.cl\/\" target=\"_blank\" rel=\"noopener\">www.infocentros.gov.cl<\/a><br \/><a class=\"imCssLink\" href=\"http:\/\/www.subdere.cl\/\" target=\"_blank\" rel=\"noopener\">www.subdere.cl<\/a><br \/><a class=\"imCssLink\" href=\"http:\/\/www.mideplan.cl\/\" target=\"_blank\" rel=\"noopener\">www.mideplan.cl<\/a><br \/><a class=\"imCssLink\" href=\"http:\/\/www.minvu.cl\/\" target=\"_blank\" rel=\"noopener\">www.minvu.cl<\/a><br \/><a class=\"imCssLink\" href=\"http:\/\/www.conama.cl\/\" target=\"_blank\" rel=\"noopener\">www.conama.cl<\/a><br \/><br \/><\/span><span class=\"fs13 cf1 ff1\"><b>P\u00e1gina Web<\/b><\/span><span class=\"fs13 cf2 ff1\"><br \/><br \/><a class=\"imCssLink\" href=\"http:\/\/www.tramitefacil.cl\/\" target=\"_blank\" rel=\"noopener\">www.tramitefacil.cl<\/a><br \/><a class=\"imCssLink\" href=\"http:\/\/www.registrocivil.cl\/\" target=\"_blank\" rel=\"noopener\">www.registrocivil.cl<\/a><br \/><a class=\"imCssLink\" href=\"http:\/\/www.inp.cl\/\" target=\"_blank\" rel=\"noopener\">www<span class=\"ff1\">.inp.cl<\/span><\/a><br \/><a class=\"imCssLink\" href=\"http:\/\/ww.sii.cl\/\" target=\"_blank\" rel=\"noopener\">ww.sii.cl<\/a><br \/><a class=\"imCssLink\" href=\"http:\/\/www.tesoreria.cl\/\" target=\"_blank\" rel=\"noopener\">www.tesoreria.cl<\/a><br \/><a class=\"imCssLink\" href=\"http:\/\/www.sernac.cl\/\" target=\"_blank\" rel=\"noopener\">www.sernac.cl<\/a><br \/><br \/><\/span><span class=\"fs13 cf1 ff1\"><b>P\u00e1gina Web<\/b><\/span><span class=\"fs13 cf2 ff1\"><br \/><br \/><a class=\"imCssLink\" href=\"http:\/\/www.chilecalifica.cl\/\" target=\"_blank\" rel=\"noopener\">www.chilecalifica.cl<\/a><br \/><a class=\"imCssLink\" href=\"http:\/\/www.sence.cl\/\" target=\"_blank\" rel=\"noopener\">www.sence.cl<\/a><br \/><a class=\"imCssLink\" href=\"http:\/\/www.sercotec.cl\/\" target=\"_blank\" rel=\"noopener\">www.sercotec.cl<\/a><br \/><br \/><\/span><span class=\"fs13 cf1 ff1\"><b>P\u00e1gina Web<\/b><\/span><span class=\"fs13 cf2 ff1\"><br \/><br \/><a class=\"imCssLink\" href=\"http:\/\/www.conace.cl\/\" target=\"_blank\" rel=\"noopener\">www.conace.cl<\/a><br \/><a class=\"imCssLink\" href=\"http:\/\/www.fonadis.cl\/\" target=\"_blank\" rel=\"noopener\">www.fonadis.cl<\/a><br \/><a class=\"imCssLink\" href=\"http:\/\/www.fosis.cl\/\" target=\"_blank\" rel=\"noopener\">www.fosis.cl<\/a><br \/><a class=\"imCssLink\" href=\"http:\/\/www.injuv.cl\/\" target=\"_blank\" rel=\"noopener\">www.injuv.c<span class=\"ff1\">l<\/span><\/a><br \/><a class=\"imCssLink\" href=\"http:\/\/www.sernam.cl\/\" target=\"_blank\" rel=\"noopener\">www.sernam.cl<\/a><br \/><br \/><\/span><span class=\"fs13 cf1 ff1\"><b>P\u00e1gina Web<\/b><\/span><span class=\"fs13 cf2 ff1\"><br \/><br \/><\/span><span class=\"fs13 cf2 ff1\"><a class=\"imCssLink\" href=\"http:\/\/www.minsal.cl\/\" target=\"_blank\" rel=\"noopener\">www.minsal.cl<\/a><br \/><a class=\"imCssLink\" href=\"http:\/\/www.fonasa.cl\/\" target=\"_blank\" rel=\"noopener\">www.fonasa.cl<\/a><br \/><br \/><\/span><span class=\"fs13 cf1 ff1\"><b>P\u00e1gina Web<\/b><\/span><span class=\"fs13 cf2 ff1\"><br \/><br \/><\/span><span class=\"fs13 cf2 ff1\"><a class=\"imCssLink\" href=\"http:\/\/www.mineduc.cl\/\" target=\"_blank\" rel=\"noopener\">www.mineduc.cl<\/a><br \/><a class=\"imCssLink\" href=\"http:\/\/www.junji.cl\/\" target=\"_blank\" rel=\"noopener\">www.junji.cl<\/a><br \/><a class=\"imCssLink\" href=\"http:\/\/www.consejoeducacion.cl\/\" target=\"_blank\" rel=\"noopener\">www.consejoeducacion.cl<\/a><br \/><br \/><\/span><span class=\"fs13 cf1 ff1\"><b>P\u00e1gina Web<\/b><\/span><span class=\"fs13 cf2 ff1\"><br \/><br \/><\/span><span class=\"fs13 cf2 ff1\"><a class=\"imCssLink\" href=\"http:\/\/www.consejodelacultura.cl\/\" target=\"_blank\" rel=\"noopener\">www.consejodelacultura.cl<\/a><br \/><a class=\"imCssLink\" href=\"http:\/\/www.fondosdecultura.cl\/\" target=\"_blank\" rel=\"noopener\">www.fondosdecultura.cl<\/a><br \/><a class=\"imCssLink\" href=\"http:\/\/www.dibam.cl\/\" target=\"_blank\" rel=\"noopener\">www.dibam.cl<\/a><br \/><br \/><\/span><span class=\"fs13 cf1 ff1\"><b>P\u00e1gina Web<\/b><\/span><span class=\"fs13 cf2 ff1\"><br \/><br \/><a class=\"imCssLink\" href=\"http:\/\/www.ine.cl\/\" target=\"_blank\" rel=\"noopener\">www.ine.cl<\/a><br \/><a class=\"imCssLink\" href=\"http:\/\/www.sernatur.cl\/\" target=\"_blank\" rel=\"noopener\">www.sernatur.cl<\/a><br \/><a class=\"imCssLink\" href=\"http:\/\/www.sinim.cl\/\" target=\"_blank\" rel=\"noopener\">www.sinim.cl<\/a><br \/><a class=\"imCssLink\" href=\"http:\/\/www.infopais.cl\/\" target=\"_blank\" rel=\"noopener\">www.infopais.cl<\/a><br \/><a class=\"imCssLink\" href=\"http:\/\/www.snit.gob.cl\/\" target=\"_blank\" rel=\"noopener\">www.snit.gob.cl<\/a><\/span><span class=\"fs13 cf2 ff1\"><br \/><br \/><\/span><span class=\"fs13 cf1 ff1\"><b>P\u00e1gina Web<\/b><\/span><span class=\"fs13 cf2 ff1\"><br \/><br \/><\/span><span class=\"fs13 cf2 ff1\"><a class=\"imCssLink\" href=\"http:\/\/www.oldpchile.cl\/\" target=\"_blank\" rel=\"noopener\">www.oldpchile.cl<\/a><br \/><a class=\"imCssLink\" href=\"http:\/\/www.tuprofesor.cl\/\" target=\"_blank\" rel=\"noopener\">www.tuprofesor.c<span class=\"cf2 ff1\">l<\/span><\/a><\/span><\/p>\n<\/td>\n<\/tr>\n<\/tbody>\n<\/table>\t\t\t\t\t\t\t\t<\/div>\n\t\t\t\t<\/div>\n\t\t\t\t\t<\/div>\n\t\t\t\t<\/div>\n\t\t\t\t<\/div>\n\t\t","protected":false},"excerpt":{"rendered":"<p>ENLACES SECTOR PUBLICOGobierno de ChileAsociaci\u00f3n chilena de MunicipiosChile ComprasINFOCENTROSSUBDEREMinisterio de Planificaci\u00f3nMinisterio de la ViviendaComisi\u00f3n Nacional del Medio Ambiente SERVICIOS Y TRAMITES Tr\u00e1mite F\u00e1cilRegistro CivilMinisterio del Trabajo y Previsi\u00f3n SocialServicio de Impuestos InternosTesorer\u00eda General De la Rep\u00fablicaServicio Nacional del Consumidor &#8211; SERNAC FOMENTO PRODUCTIVO Programa de capacitaci\u00f3n permanenteServicio Nacional de Capacitaci\u00f3n y EmpleoServicio de Cooperaci\u00f3n T\u00e9cnica AREA SOCIAL Prevenci\u00f3n y Rehabilitaci\u00f3n del Consumo de Drogas y AlcoholServicio Nacional de la DiscapacidadFondo de Solidaridad e Inversi\u00f3n SocialInstituto Nacional de la JuventudServicio Nacional de la Mujer SALUD Ministerio de SaludFondo Nacional de Salud EDUCACI\u00d3N Ministerio de Educaci\u00f3n de ChileJunta Nacional de Jardines InfantilesConsejo Asesor Presidencial para la Calidad de la Educaci\u00f3n CULTURA Consejo Nacional de la Cultura y las ArtesConsejo Nacional de la Cultura y Las ArtesDirecci\u00f3n de Bibliotecas, Archivos y Museos INFORMACION ESTADISTICA Y TERRITORIAL Instituto Nacional de Estad\u00edsticasServicio Nacional de Turismo ChileSistema Nacional de Informaci\u00f3n Municipal S.I.N.I.M.Sistema de Informaci\u00f3n RegionalSistema Nacional de Coordinaci\u00f3n de Informaci\u00f3n Territorial OTROS Instituto Profesional de ChileClases particulares P\u00e1gina Web www.gobiernodechile.clwww.munitel.clwww.chilecompra.clwww.infocentros.gov.clwww.subdere.clwww.mideplan.clwww.minvu.clwww.conama.cl P\u00e1gina Web www.tramitefacil.clwww.registrocivil.clwww.inp.clww.sii.clwww.tesoreria.clwww.sernac.cl P\u00e1gina Web www.chilecalifica.clwww.sence.clwww.sercotec.cl P\u00e1gina Web www.conace.clwww.fonadis.clwww.fosis.clwww.injuv.clwww.sernam.cl P\u00e1gina Web www.minsal.clwww.fonasa.cl P\u00e1gina Web www.mineduc.clwww.junji.clwww.consejoeducacion.cl P\u00e1gina Web www.consejodelacultura.clwww.fondosdecultura.clwww.dibam.cl P\u00e1gina Web www.ine.clwww.sernatur.clwww.sinim.clwww.infopais.clwww.snit.gob.cl P\u00e1gina Web www.oldpchile.clwww.tuprofesor.cl<\/p>\n","protected":false},"author":5,"featured_media":0,"parent":0,"menu_order":0,"comment_status":"closed","ping_status":"closed","template":"elementor_canvas","meta":{"footnotes":""},"class_list":["post-2499","page","type-page","status-publish","hentry"],"_links":{"self":[{"href":"https:\/\/pruebas.munielmonte.cl\/index.php?rest_route=\/wp\/v2\/pages\/2499","targetHints":{"allow":["GET"]}}],"collection":[{"href":"https:\/\/pruebas.munielmonte.cl\/index.php?rest_route=\/wp\/v2\/pages"}],"about":[{"href":"https:\/\/pruebas.munielmonte.cl\/index.php?rest_route=\/wp\/v2\/types\/page"}],"author":[{"embeddable":true,"href":"https:\/\/pruebas.munielmonte.cl\/index.php?rest_route=\/wp\/v2\/users\/5"}],"replies":[{"embeddable":true,"href":"https:\/\/pruebas.munielmonte.cl\/index.php?rest_route=%2Fwp%2Fv2%2Fcomments&post=2499"}],"version-history":[{"count":3,"href":"https:\/\/pruebas.munielmonte.cl\/index.php?rest_route=\/wp\/v2\/pages\/2499\/revisions"}],"predecessor-version":[{"id":4521,"href":"https:\/\/pruebas.munielmonte.cl\/index.php?rest_route=\/wp\/v2\/pages\/2499\/revisions\/4521"}],"wp:attachment":[{"href":"https:\/\/pruebas.munielmonte.cl\/index.php?rest_route=%2Fwp%2Fv2%2Fmedia&parent=2499"}],"curies":[{"name":"wp","href":"https:\/\/api.w.org\/{rel}","templated":true}]}}